{"id":945,"date":"2025-05-14T16:25:45","date_gmt":"2025-05-14T14:25:45","guid":{"rendered":"http:\/\/localhost\/essai5\/?post_type=product&#038;p=945"},"modified":"2025-06-16T09:39:13","modified_gmt":"2025-06-16T07:39:13","slug":"945","status":"publish","type":"product","link":"https:\/\/julienharlaut.com\/index.php\/produit\/945\/","title":{"rendered":"Villa abandonn\u00e9e"},"content":{"rendered":"<p class=\"p1\">Tirage haute d\u00e9finition sur aluminium 3mm et encadrement en caisse am\u00e9ricaine.<\/p>\n","protected":false},"excerpt":{"rendered":"<p>Photographie du premier \u00e9tage d&rsquo;une villa abandonn\u00e9e.<\/p>\n","protected":false},"featured_media":912,"comment_status":"open","ping_status":"closed","template":"","meta":[],"product_brand":[],"product_cat":[56],"product_tag":[60],"class_list":{"0":"post-945","1":"product","2":"type-product","3":"status-publish","4":"has-post-thumbnail","6":"product_cat-interieurs","7":"product_tag-couloir","9":"first","10":"instock","11":"shipping-taxable","12":"purchasable","13":"product-type-variable"},"yoast_head":"<!-- This site is optimized with the Yoast SEO plugin v26.7 - https:\/\/yoast.com\/wordpress\/plugins\/seo\/ -->\n<title>Villa abandonn\u00e9e - Julien Harlaut Photographie<\/title>\n<meta name=\"robots\" content=\"index, follow, max-snippet:-1, max-image-preview:large, max-video-preview:-1\" \/>\n<link rel=\"canonical\" href=\"https:\/\/julienharlaut.com\/index.php\/produit\/945\/\" \/>\n<meta property=\"og:locale\" content=\"fr_FR\" \/>\n<meta property=\"og:type\" content=\"article\" \/>\n<meta property=\"og:title\" content=\"Villa abandonn\u00e9e - Julien Harlaut Photographie\" \/>\n<meta property=\"og:description\" content=\"Photographie du premier \u00e9tage d&#039;une villa abandonn\u00e9e.\" \/>\n<meta property=\"og:url\" content=\"https:\/\/julienharlaut.com\/index.php\/produit\/945\/\" \/>\n<meta property=\"og:site_name\" content=\"Julien Harlaut Photographie\" \/>\n<meta property=\"article:publisher\" content=\"https:\/\/www.facebook.com\/julienharlautphotographie\/?locale=fr_FR\" \/>\n<meta property=\"article:modified_time\" content=\"2025-06-16T07:39:13+00:00\" \/>\n<meta property=\"og:image\" content=\"https:\/\/julienharlaut.com\/wp-content\/uploads\/2025\/05\/IMG_9365_6_7_tonemapped-copie.jpg\" \/>\n\t<meta property=\"og:image:width\" content=\"1618\" \/>\n\t<meta property=\"og:image:height\" content=\"1080\" \/>\n\t<meta property=\"og:image:type\" content=\"image\/jpeg\" \/>\n<meta name=\"twitter:card\" content=\"summary_large_image\" \/>\n<script type=\"application\/ld+json\" class=\"yoast-schema-graph\">{\"@context\":\"https:\/\/schema.org\",\"@graph\":[{\"@type\":\"WebPage\",\"@id\":\"https:\/\/julienharlaut.com\/index.php\/produit\/945\/\",\"url\":\"https:\/\/julienharlaut.com\/index.php\/produit\/945\/\",\"name\":\"Villa abandonn\u00e9e - Julien Harlaut Photographie\",\"isPartOf\":{\"@id\":\"https:\/\/julienharlaut.com\/#website\"},\"primaryImageOfPage\":{\"@id\":\"https:\/\/julienharlaut.com\/index.php\/produit\/945\/#primaryimage\"},\"image\":{\"@id\":\"https:\/\/julienharlaut.com\/index.php\/produit\/945\/#primaryimage\"},\"thumbnailUrl\":\"https:\/\/julienharlaut.com\/wp-content\/uploads\/2025\/05\/IMG_9365_6_7_tonemapped-copie.jpg\",\"datePublished\":\"2025-05-14T14:25:45+00:00\",\"dateModified\":\"2025-06-16T07:39:13+00:00\",\"breadcrumb\":{\"@id\":\"https:\/\/julienharlaut.com\/index.php\/produit\/945\/#breadcrumb\"},\"inLanguage\":\"fr-FR\",\"potentialAction\":[{\"@type\":\"ReadAction\",\"target\":[\"https:\/\/julienharlaut.com\/index.php\/produit\/945\/\"]}]},{\"@type\":\"ImageObject\",\"inLanguage\":\"fr-FR\",\"@id\":\"https:\/\/julienharlaut.com\/index.php\/produit\/945\/#primaryimage\",\"url\":\"https:\/\/julienharlaut.com\/wp-content\/uploads\/2025\/05\/IMG_9365_6_7_tonemapped-copie.jpg\",\"contentUrl\":\"https:\/\/julienharlaut.com\/wp-content\/uploads\/2025\/05\/IMG_9365_6_7_tonemapped-copie.jpg\",\"width\":1618,\"height\":1080,\"caption\":\"Photographie de l'\u00e9tage d'un b\u00e2timent abandonn\u00e9\"},{\"@type\":\"BreadcrumbList\",\"@id\":\"https:\/\/julienharlaut.com\/index.php\/produit\/945\/#breadcrumb\",\"itemListElement\":[{\"@type\":\"ListItem\",\"position\":1,\"name\":\"Accueil\",\"item\":\"https:\/\/julienharlaut.com\/\"},{\"@type\":\"ListItem\",\"position\":2,\"name\":\"Photographies\",\"item\":\"https:\/\/julienharlaut.com\/index.php\/shop\/\"},{\"@type\":\"ListItem\",\"position\":3,\"name\":\"Villa abandonn\u00e9e\"}]},{\"@type\":\"WebSite\",\"@id\":\"https:\/\/julienharlaut.com\/#website\",\"url\":\"https:\/\/julienharlaut.com\/\",\"name\":\"Julien Harlaut Photographie\",\"description\":\"\",\"publisher\":{\"@id\":\"https:\/\/julienharlaut.com\/#\/schema\/person\/ac9683541957274584a9797df14ae7d9\"},\"potentialAction\":[{\"@type\":\"SearchAction\",\"target\":{\"@type\":\"EntryPoint\",\"urlTemplate\":\"https:\/\/julienharlaut.com\/?s={search_term_string}\"},\"query-input\":{\"@type\":\"PropertyValueSpecification\",\"valueRequired\":true,\"valueName\":\"search_term_string\"}}],\"inLanguage\":\"fr-FR\"},{\"@type\":[\"Person\",\"Organization\"],\"@id\":\"https:\/\/julienharlaut.com\/#\/schema\/person\/ac9683541957274584a9797df14ae7d9\",\"name\":\"Julien Harlaut\",\"image\":{\"@type\":\"ImageObject\",\"inLanguage\":\"fr-FR\",\"@id\":\"https:\/\/julienharlaut.com\/#\/schema\/person\/image\/\",\"url\":\"https:\/\/julienharlaut.com\/wp-content\/uploads\/2025\/05\/Julien_Harlaut_Profil.jpg\",\"contentUrl\":\"https:\/\/julienharlaut.com\/wp-content\/uploads\/2025\/05\/Julien_Harlaut_Profil.jpg\",\"width\":1310,\"height\":1366,\"caption\":\"Julien Harlaut\"},\"logo\":{\"@id\":\"https:\/\/julienharlaut.com\/#\/schema\/person\/image\/\"},\"sameAs\":[\"https:\/\/www.facebook.com\/julienharlautphotographie\/?locale=fr_FR\",\"https:\/\/www.instagram.com\/consent\/?flow=ad_free_subscription&params_json=afs_variantfirst_timegcl_experience_id205d4698-3e11-45fb-972f-9b35689a61f7&source=ad_free_subscription_blocking_flow\",\"https:\/\/www.linkedin.com\/in\/julienharlaut\"]}]}<\/script>\n<!-- \/ Yoast SEO plugin. -->","yoast_head_json":{"title":"Villa abandonn\u00e9e - Julien Harlaut Photographie","robots":{"index":"index","follow":"follow","max-snippet":"max-snippet:-1","max-image-preview":"max-image-preview:large","max-video-preview":"max-video-preview:-1"},"canonical":"https:\/\/julienharlaut.com\/index.php\/produit\/945\/","og_locale":"fr_FR","og_type":"article","og_title":"Villa abandonn\u00e9e - Julien Harlaut Photographie","og_description":"Photographie du premier \u00e9tage d'une villa abandonn\u00e9e.","og_url":"https:\/\/julienharlaut.com\/index.php\/produit\/945\/","og_site_name":"Julien Harlaut Photographie","article_publisher":"https:\/\/www.facebook.com\/julienharlautphotographie\/?locale=fr_FR","article_modified_time":"2025-06-16T07:39:13+00:00","og_image":[{"width":1618,"height":1080,"url":"https:\/\/julienharlaut.com\/wp-content\/uploads\/2025\/05\/IMG_9365_6_7_tonemapped-copie.jpg","type":"image\/jpeg"}],"twitter_card":"summary_large_image","schema":{"@context":"https:\/\/schema.org","@graph":[{"@type":"WebPage","@id":"https:\/\/julienharlaut.com\/index.php\/produit\/945\/","url":"https:\/\/julienharlaut.com\/index.php\/produit\/945\/","name":"Villa abandonn\u00e9e - Julien Harlaut Photographie","isPartOf":{"@id":"https:\/\/julienharlaut.com\/#website"},"primaryImageOfPage":{"@id":"https:\/\/julienharlaut.com\/index.php\/produit\/945\/#primaryimage"},"image":{"@id":"https:\/\/julienharlaut.com\/index.php\/produit\/945\/#primaryimage"},"thumbnailUrl":"https:\/\/julienharlaut.com\/wp-content\/uploads\/2025\/05\/IMG_9365_6_7_tonemapped-copie.jpg","datePublished":"2025-05-14T14:25:45+00:00","dateModified":"2025-06-16T07:39:13+00:00","breadcrumb":{"@id":"https:\/\/julienharlaut.com\/index.php\/produit\/945\/#breadcrumb"},"inLanguage":"fr-FR","potentialAction":[{"@type":"ReadAction","target":["https:\/\/julienharlaut.com\/index.php\/produit\/945\/"]}]},{"@type":"ImageObject","inLanguage":"fr-FR","@id":"https:\/\/julienharlaut.com\/index.php\/produit\/945\/#primaryimage","url":"https:\/\/julienharlaut.com\/wp-content\/uploads\/2025\/05\/IMG_9365_6_7_tonemapped-copie.jpg","contentUrl":"https:\/\/julienharlaut.com\/wp-content\/uploads\/2025\/05\/IMG_9365_6_7_tonemapped-copie.jpg","width":1618,"height":1080,"caption":"Photographie de l'\u00e9tage d'un b\u00e2timent abandonn\u00e9"},{"@type":"BreadcrumbList","@id":"https:\/\/julienharlaut.com\/index.php\/produit\/945\/#breadcrumb","itemListElement":[{"@type":"ListItem","position":1,"name":"Accueil","item":"https:\/\/julienharlaut.com\/"},{"@type":"ListItem","position":2,"name":"Photographies","item":"https:\/\/julienharlaut.com\/index.php\/shop\/"},{"@type":"ListItem","position":3,"name":"Villa abandonn\u00e9e"}]},{"@type":"WebSite","@id":"https:\/\/julienharlaut.com\/#website","url":"https:\/\/julienharlaut.com\/","name":"Julien Harlaut Photographie","description":"","publisher":{"@id":"https:\/\/julienharlaut.com\/#\/schema\/person\/ac9683541957274584a9797df14ae7d9"},"potentialAction":[{"@type":"SearchAction","target":{"@type":"EntryPoint","urlTemplate":"https:\/\/julienharlaut.com\/?s={search_term_string}"},"query-input":{"@type":"PropertyValueSpecification","valueRequired":true,"valueName":"search_term_string"}}],"inLanguage":"fr-FR"},{"@type":["Person","Organization"],"@id":"https:\/\/julienharlaut.com\/#\/schema\/person\/ac9683541957274584a9797df14ae7d9","name":"Julien Harlaut","image":{"@type":"ImageObject","inLanguage":"fr-FR","@id":"https:\/\/julienharlaut.com\/#\/schema\/person\/image\/","url":"https:\/\/julienharlaut.com\/wp-content\/uploads\/2025\/05\/Julien_Harlaut_Profil.jpg","contentUrl":"https:\/\/julienharlaut.com\/wp-content\/uploads\/2025\/05\/Julien_Harlaut_Profil.jpg","width":1310,"height":1366,"caption":"Julien Harlaut"},"logo":{"@id":"https:\/\/julienharlaut.com\/#\/schema\/person\/image\/"},"sameAs":["https:\/\/www.facebook.com\/julienharlautphotographie\/?locale=fr_FR","https:\/\/www.instagram.com\/consent\/?flow=ad_free_subscription&params_json=afs_variantfirst_timegcl_experience_id205d4698-3e11-45fb-972f-9b35689a61f7&source=ad_free_subscription_blocking_flow","https:\/\/www.linkedin.com\/in\/julienharlaut"]}]}},"jetpack_sharing_enabled":true,"_links":{"self":[{"href":"https:\/\/julienharlaut.com\/index.php\/wp-json\/wp\/v2\/product\/945","targetHints":{"allow":["GET"]}}],"collection":[{"href":"https:\/\/julienharlaut.com\/index.php\/wp-json\/wp\/v2\/product"}],"about":[{"href":"https:\/\/julienharlaut.com\/index.php\/wp-json\/wp\/v2\/types\/product"}],"replies":[{"embeddable":true,"href":"https:\/\/julienharlaut.com\/index.php\/wp-json\/wp\/v2\/comments?post=945"}],"wp:featuredmedia":[{"embeddable":true,"href":"https:\/\/julienharlaut.com\/index.php\/wp-json\/wp\/v2\/media\/912"}],"wp:attachment":[{"href":"https:\/\/julienharlaut.com\/index.php\/wp-json\/wp\/v2\/media?parent=945"}],"wp:term":[{"taxonomy":"product_brand","embeddable":true,"href":"https:\/\/julienharlaut.com\/index.php\/wp-json\/wp\/v2\/product_brand?post=945"},{"taxonomy":"product_cat","embeddable":true,"href":"https:\/\/julienharlaut.com\/index.php\/wp-json\/wp\/v2\/product_cat?post=945"},{"taxonomy":"product_tag","embeddable":true,"href":"https:\/\/julienharlaut.com\/index.php\/wp-json\/wp\/v2\/product_tag?post=945"}],"curies":[{"name":"wp","href":"https:\/\/api.w.org\/{rel}","templated":true}]}}