{"id":2670,"date":"2025-06-30T11:24:05","date_gmt":"2025-06-30T09:24:05","guid":{"rendered":"http:\/\/localhost\/essai5\/?post_type=product&#038;p=2670"},"modified":"2025-06-30T11:26:42","modified_gmt":"2025-06-30T09:26:42","slug":"ballons","status":"publish","type":"product","link":"https:\/\/julienharlaut.com\/index.php\/produit\/ballons\/","title":{"rendered":"Ballons"},"content":{"rendered":"<p class=\"p1\">Tirage haute d\u00e9finition sur aluminium 3mm et encadrement en caisse am\u00e9ricaine.<\/p>\n","protected":false},"excerpt":{"rendered":"<p>Un bouquet de ballons bleus et blancs flotte au centre d\u2019une usine d\u00e9saffect\u00e9e, comme une anomalie joyeuse au c\u0153ur du chaos urbain. Le contraste est saisissant : les couleurs vives et l\u00e9g\u00e8res d\u00e9fient la rudesse du b\u00e9ton tagu\u00e9, des flaques stagnantes et des murs d\u00e9labr\u00e9s. Cette photographie propose un dialogue po\u00e9tique entre fragilit\u00e9 et abandon, espoir et d\u00e9clin. Un tirage contemporain fort en symboles, id\u00e9al pour ceux qui aiment l\u2019art qui surprend et questionne.<\/p>\n","protected":false},"featured_media":2676,"comment_status":"open","ping_status":"closed","template":"","meta":[],"product_brand":[],"product_cat":[56],"product_tag":[],"class_list":{"0":"post-2670","1":"product","2":"type-product","3":"status-publish","4":"has-post-thumbnail","6":"product_cat-interieurs","7":"pa_taille-40-60","8":"pa_taille-60-90","9":"pa_taille-120-80","10":"pa_taille-150-100","11":"pa_taille-180-120","13":"first","14":"instock","15":"shipping-taxable","16":"purchasable","17":"product-type-variable"},"yoast_head":"<!-- This site is optimized with the Yoast SEO plugin v26.7 - https:\/\/yoast.com\/wordpress\/plugins\/seo\/ -->\n<title>Ballons - Julien Harlaut Photographie<\/title>\n<meta name=\"robots\" content=\"index, follow, max-snippet:-1, max-image-preview:large, max-video-preview:-1\" \/>\n<link rel=\"canonical\" href=\"https:\/\/julienharlaut.com\/index.php\/produit\/ballons\/\" \/>\n<meta property=\"og:locale\" content=\"fr_FR\" \/>\n<meta property=\"og:type\" content=\"article\" \/>\n<meta property=\"og:title\" content=\"Ballons - Julien Harlaut Photographie\" \/>\n<meta property=\"og:description\" content=\"Un bouquet de ballons bleus et blancs flotte au centre d\u2019une usine d\u00e9saffect\u00e9e, comme une anomalie joyeuse au c\u0153ur du chaos urbain. Le contraste est saisissant : les couleurs vives et l\u00e9g\u00e8res d\u00e9fient la rudesse du b\u00e9ton tagu\u00e9, des flaques stagnantes et des murs d\u00e9labr\u00e9s. Cette photographie propose un dialogue po\u00e9tique entre fragilit\u00e9 et abandon, espoir et d\u00e9clin. Un tirage contemporain fort en symboles, id\u00e9al pour ceux qui aiment l\u2019art qui surprend et questionne.\" \/>\n<meta property=\"og:url\" content=\"https:\/\/julienharlaut.com\/index.php\/produit\/ballons\/\" \/>\n<meta property=\"og:site_name\" content=\"Julien Harlaut Photographie\" \/>\n<meta property=\"article:publisher\" content=\"https:\/\/www.facebook.com\/julienharlautphotographie\/?locale=fr_FR\" \/>\n<meta property=\"article:modified_time\" content=\"2025-06-30T09:26:42+00:00\" \/>\n<meta property=\"og:image\" content=\"https:\/\/julienharlaut.com\/wp-content\/uploads\/2025\/06\/IMG_9326-copie.jpg\" \/>\n\t<meta property=\"og:image:width\" content=\"1620\" \/>\n\t<meta property=\"og:image:height\" content=\"1080\" \/>\n\t<meta property=\"og:image:type\" content=\"image\/jpeg\" \/>\n<meta name=\"twitter:card\" content=\"summary_large_image\" \/>\n<script type=\"application\/ld+json\" class=\"yoast-schema-graph\">{\"@context\":\"https:\/\/schema.org\",\"@graph\":[{\"@type\":\"WebPage\",\"@id\":\"https:\/\/julienharlaut.com\/index.php\/produit\/ballons\/\",\"url\":\"https:\/\/julienharlaut.com\/index.php\/produit\/ballons\/\",\"name\":\"Ballons - Julien Harlaut Photographie\",\"isPartOf\":{\"@id\":\"https:\/\/julienharlaut.com\/#website\"},\"primaryImageOfPage\":{\"@id\":\"https:\/\/julienharlaut.com\/index.php\/produit\/ballons\/#primaryimage\"},\"image\":{\"@id\":\"https:\/\/julienharlaut.com\/index.php\/produit\/ballons\/#primaryimage\"},\"thumbnailUrl\":\"https:\/\/julienharlaut.com\/wp-content\/uploads\/2025\/06\/IMG_9326-copie.jpg\",\"datePublished\":\"2025-06-30T09:24:05+00:00\",\"dateModified\":\"2025-06-30T09:26:42+00:00\",\"breadcrumb\":{\"@id\":\"https:\/\/julienharlaut.com\/index.php\/produit\/ballons\/#breadcrumb\"},\"inLanguage\":\"fr-FR\",\"potentialAction\":[{\"@type\":\"ReadAction\",\"target\":[\"https:\/\/julienharlaut.com\/index.php\/produit\/ballons\/\"]}]},{\"@type\":\"ImageObject\",\"inLanguage\":\"fr-FR\",\"@id\":\"https:\/\/julienharlaut.com\/index.php\/produit\/ballons\/#primaryimage\",\"url\":\"https:\/\/julienharlaut.com\/wp-content\/uploads\/2025\/06\/IMG_9326-copie.jpg\",\"contentUrl\":\"https:\/\/julienharlaut.com\/wp-content\/uploads\/2025\/06\/IMG_9326-copie.jpg\",\"width\":1620,\"height\":1080,\"caption\":\"Photographie de ballons plac\u00e9s au milieu d'un hangar vide.\"},{\"@type\":\"BreadcrumbList\",\"@id\":\"https:\/\/julienharlaut.com\/index.php\/produit\/ballons\/#breadcrumb\",\"itemListElement\":[{\"@type\":\"ListItem\",\"position\":1,\"name\":\"Accueil\",\"item\":\"https:\/\/julienharlaut.com\/\"},{\"@type\":\"ListItem\",\"position\":2,\"name\":\"Photographies\",\"item\":\"https:\/\/julienharlaut.com\/index.php\/shop\/\"},{\"@type\":\"ListItem\",\"position\":3,\"name\":\"Ballons\"}]},{\"@type\":\"WebSite\",\"@id\":\"https:\/\/julienharlaut.com\/#website\",\"url\":\"https:\/\/julienharlaut.com\/\",\"name\":\"Julien Harlaut Photographie\",\"description\":\"\",\"publisher\":{\"@id\":\"https:\/\/julienharlaut.com\/#\/schema\/person\/ac9683541957274584a9797df14ae7d9\"},\"potentialAction\":[{\"@type\":\"SearchAction\",\"target\":{\"@type\":\"EntryPoint\",\"urlTemplate\":\"https:\/\/julienharlaut.com\/?s={search_term_string}\"},\"query-input\":{\"@type\":\"PropertyValueSpecification\",\"valueRequired\":true,\"valueName\":\"search_term_string\"}}],\"inLanguage\":\"fr-FR\"},{\"@type\":[\"Person\",\"Organization\"],\"@id\":\"https:\/\/julienharlaut.com\/#\/schema\/person\/ac9683541957274584a9797df14ae7d9\",\"name\":\"Julien Harlaut\",\"image\":{\"@type\":\"ImageObject\",\"inLanguage\":\"fr-FR\",\"@id\":\"https:\/\/julienharlaut.com\/#\/schema\/person\/image\/\",\"url\":\"https:\/\/julienharlaut.com\/wp-content\/uploads\/2025\/05\/Julien_Harlaut_Profil.jpg\",\"contentUrl\":\"https:\/\/julienharlaut.com\/wp-content\/uploads\/2025\/05\/Julien_Harlaut_Profil.jpg\",\"width\":1310,\"height\":1366,\"caption\":\"Julien Harlaut\"},\"logo\":{\"@id\":\"https:\/\/julienharlaut.com\/#\/schema\/person\/image\/\"},\"sameAs\":[\"https:\/\/www.facebook.com\/julienharlautphotographie\/?locale=fr_FR\",\"https:\/\/www.instagram.com\/consent\/?flow=ad_free_subscription&params_json=afs_variantfirst_timegcl_experience_id205d4698-3e11-45fb-972f-9b35689a61f7&source=ad_free_subscription_blocking_flow\",\"https:\/\/www.linkedin.com\/in\/julienharlaut\"]}]}<\/script>\n<!-- \/ Yoast SEO plugin. -->","yoast_head_json":{"title":"Ballons - Julien Harlaut Photographie","robots":{"index":"index","follow":"follow","max-snippet":"max-snippet:-1","max-image-preview":"max-image-preview:large","max-video-preview":"max-video-preview:-1"},"canonical":"https:\/\/julienharlaut.com\/index.php\/produit\/ballons\/","og_locale":"fr_FR","og_type":"article","og_title":"Ballons - Julien Harlaut Photographie","og_description":"Un bouquet de ballons bleus et blancs flotte au centre d\u2019une usine d\u00e9saffect\u00e9e, comme une anomalie joyeuse au c\u0153ur du chaos urbain. Le contraste est saisissant : les couleurs vives et l\u00e9g\u00e8res d\u00e9fient la rudesse du b\u00e9ton tagu\u00e9, des flaques stagnantes et des murs d\u00e9labr\u00e9s. Cette photographie propose un dialogue po\u00e9tique entre fragilit\u00e9 et abandon, espoir et d\u00e9clin. Un tirage contemporain fort en symboles, id\u00e9al pour ceux qui aiment l\u2019art qui surprend et questionne.","og_url":"https:\/\/julienharlaut.com\/index.php\/produit\/ballons\/","og_site_name":"Julien Harlaut Photographie","article_publisher":"https:\/\/www.facebook.com\/julienharlautphotographie\/?locale=fr_FR","article_modified_time":"2025-06-30T09:26:42+00:00","og_image":[{"width":1620,"height":1080,"url":"https:\/\/julienharlaut.com\/wp-content\/uploads\/2025\/06\/IMG_9326-copie.jpg","type":"image\/jpeg"}],"twitter_card":"summary_large_image","schema":{"@context":"https:\/\/schema.org","@graph":[{"@type":"WebPage","@id":"https:\/\/julienharlaut.com\/index.php\/produit\/ballons\/","url":"https:\/\/julienharlaut.com\/index.php\/produit\/ballons\/","name":"Ballons - Julien Harlaut Photographie","isPartOf":{"@id":"https:\/\/julienharlaut.com\/#website"},"primaryImageOfPage":{"@id":"https:\/\/julienharlaut.com\/index.php\/produit\/ballons\/#primaryimage"},"image":{"@id":"https:\/\/julienharlaut.com\/index.php\/produit\/ballons\/#primaryimage"},"thumbnailUrl":"https:\/\/julienharlaut.com\/wp-content\/uploads\/2025\/06\/IMG_9326-copie.jpg","datePublished":"2025-06-30T09:24:05+00:00","dateModified":"2025-06-30T09:26:42+00:00","breadcrumb":{"@id":"https:\/\/julienharlaut.com\/index.php\/produit\/ballons\/#breadcrumb"},"inLanguage":"fr-FR","potentialAction":[{"@type":"ReadAction","target":["https:\/\/julienharlaut.com\/index.php\/produit\/ballons\/"]}]},{"@type":"ImageObject","inLanguage":"fr-FR","@id":"https:\/\/julienharlaut.com\/index.php\/produit\/ballons\/#primaryimage","url":"https:\/\/julienharlaut.com\/wp-content\/uploads\/2025\/06\/IMG_9326-copie.jpg","contentUrl":"https:\/\/julienharlaut.com\/wp-content\/uploads\/2025\/06\/IMG_9326-copie.jpg","width":1620,"height":1080,"caption":"Photographie de ballons plac\u00e9s au milieu d'un hangar vide."},{"@type":"BreadcrumbList","@id":"https:\/\/julienharlaut.com\/index.php\/produit\/ballons\/#breadcrumb","itemListElement":[{"@type":"ListItem","position":1,"name":"Accueil","item":"https:\/\/julienharlaut.com\/"},{"@type":"ListItem","position":2,"name":"Photographies","item":"https:\/\/julienharlaut.com\/index.php\/shop\/"},{"@type":"ListItem","position":3,"name":"Ballons"}]},{"@type":"WebSite","@id":"https:\/\/julienharlaut.com\/#website","url":"https:\/\/julienharlaut.com\/","name":"Julien Harlaut Photographie","description":"","publisher":{"@id":"https:\/\/julienharlaut.com\/#\/schema\/person\/ac9683541957274584a9797df14ae7d9"},"potentialAction":[{"@type":"SearchAction","target":{"@type":"EntryPoint","urlTemplate":"https:\/\/julienharlaut.com\/?s={search_term_string}"},"query-input":{"@type":"PropertyValueSpecification","valueRequired":true,"valueName":"search_term_string"}}],"inLanguage":"fr-FR"},{"@type":["Person","Organization"],"@id":"https:\/\/julienharlaut.com\/#\/schema\/person\/ac9683541957274584a9797df14ae7d9","name":"Julien Harlaut","image":{"@type":"ImageObject","inLanguage":"fr-FR","@id":"https:\/\/julienharlaut.com\/#\/schema\/person\/image\/","url":"https:\/\/julienharlaut.com\/wp-content\/uploads\/2025\/05\/Julien_Harlaut_Profil.jpg","contentUrl":"https:\/\/julienharlaut.com\/wp-content\/uploads\/2025\/05\/Julien_Harlaut_Profil.jpg","width":1310,"height":1366,"caption":"Julien Harlaut"},"logo":{"@id":"https:\/\/julienharlaut.com\/#\/schema\/person\/image\/"},"sameAs":["https:\/\/www.facebook.com\/julienharlautphotographie\/?locale=fr_FR","https:\/\/www.instagram.com\/consent\/?flow=ad_free_subscription&params_json=afs_variantfirst_timegcl_experience_id205d4698-3e11-45fb-972f-9b35689a61f7&source=ad_free_subscription_blocking_flow","https:\/\/www.linkedin.com\/in\/julienharlaut"]}]}},"jetpack_sharing_enabled":true,"_links":{"self":[{"href":"https:\/\/julienharlaut.com\/index.php\/wp-json\/wp\/v2\/product\/2670","targetHints":{"allow":["GET"]}}],"collection":[{"href":"https:\/\/julienharlaut.com\/index.php\/wp-json\/wp\/v2\/product"}],"about":[{"href":"https:\/\/julienharlaut.com\/index.php\/wp-json\/wp\/v2\/types\/product"}],"replies":[{"embeddable":true,"href":"https:\/\/julienharlaut.com\/index.php\/wp-json\/wp\/v2\/comments?post=2670"}],"wp:featuredmedia":[{"embeddable":true,"href":"https:\/\/julienharlaut.com\/index.php\/wp-json\/wp\/v2\/media\/2676"}],"wp:attachment":[{"href":"https:\/\/julienharlaut.com\/index.php\/wp-json\/wp\/v2\/media?parent=2670"}],"wp:term":[{"taxonomy":"product_brand","embeddable":true,"href":"https:\/\/julienharlaut.com\/index.php\/wp-json\/wp\/v2\/product_brand?post=2670"},{"taxonomy":"product_cat","embeddable":true,"href":"https:\/\/julienharlaut.com\/index.php\/wp-json\/wp\/v2\/product_cat?post=2670"},{"taxonomy":"product_tag","embeddable":true,"href":"https:\/\/julienharlaut.com\/index.php\/wp-json\/wp\/v2\/product_tag?post=2670"}],"curies":[{"name":"wp","href":"https:\/\/api.w.org\/{rel}","templated":true}]}}