{"id":1642,"date":"2025-06-16T09:27:32","date_gmt":"2025-06-16T07:27:32","guid":{"rendered":"http:\/\/localhost\/essai5\/?post_type=product&#038;p=1642"},"modified":"2025-06-16T09:27:32","modified_gmt":"2025-06-16T07:27:32","slug":"vaisselle","status":"publish","type":"product","link":"https:\/\/julienharlaut.com\/index.php\/produit\/vaisselle\/","title":{"rendered":"Vaisselle"},"content":{"rendered":"<p>Tirage haute d\u00e9finition sur aluminium 3mm et encadrement en caisse am\u00e9ricaine.<\/p>\n","protected":false},"excerpt":{"rendered":"<p>Photographie de vieux vases et vaisselles plac\u00e9es sur un meuble devant une fen\u00eatre. Une ambiance particuli\u00e8re se d\u00e9gage de cette sc\u00e8ne, montrant d&rsquo;un c\u00f4t\u00e9 l&rsquo;obscurit\u00e9 avec tous les objets abandonn\u00e9s et d&rsquo;un autre, la lumi\u00e8re avec le monde qui a continu\u00e9 de vivre.<\/p>\n","protected":false},"featured_media":1643,"comment_status":"open","ping_status":"closed","template":"","meta":[],"product_brand":[],"product_cat":[57],"product_tag":[],"class_list":{"0":"post-1642","1":"product","2":"type-product","3":"status-publish","4":"has-post-thumbnail","6":"product_cat-objets","7":"pa_taille-40-60","8":"pa_taille-60-90","9":"pa_taille-120-80","10":"pa_taille-150-100","11":"pa_taille-180-120","13":"first","14":"instock","15":"shipping-taxable","16":"purchasable","17":"product-type-variable"},"yoast_head":"<!-- This site is optimized with the Yoast SEO plugin v26.7 - https:\/\/yoast.com\/wordpress\/plugins\/seo\/ -->\n<title>Vaisselle - Julien Harlaut Photographie<\/title>\n<meta name=\"robots\" content=\"index, follow, max-snippet:-1, max-image-preview:large, max-video-preview:-1\" \/>\n<link rel=\"canonical\" href=\"https:\/\/julienharlaut.com\/index.php\/produit\/vaisselle\/\" \/>\n<meta property=\"og:locale\" content=\"fr_FR\" \/>\n<meta property=\"og:type\" content=\"article\" \/>\n<meta property=\"og:title\" content=\"Vaisselle - Julien Harlaut Photographie\" \/>\n<meta property=\"og:description\" content=\"Photographie de vieux vases et vaisselles plac\u00e9es sur un meuble devant une fen\u00eatre. Une ambiance particuli\u00e8re se d\u00e9gage de cette sc\u00e8ne, montrant d&#039;un c\u00f4t\u00e9 l&#039;obscurit\u00e9 avec tous les objets abandonn\u00e9s et d&#039;un autre, la lumi\u00e8re avec le monde qui a continu\u00e9 de vivre.\" \/>\n<meta property=\"og:url\" content=\"https:\/\/julienharlaut.com\/index.php\/produit\/vaisselle\/\" \/>\n<meta property=\"og:site_name\" content=\"Julien Harlaut Photographie\" \/>\n<meta property=\"article:publisher\" content=\"https:\/\/www.facebook.com\/julienharlautphotographie\/?locale=fr_FR\" \/>\n<meta property=\"og:image\" content=\"https:\/\/julienharlaut.com\/wp-content\/uploads\/2025\/06\/IMG_9924_5_tonemapped-copie.jpg\" \/>\n\t<meta property=\"og:image:width\" content=\"1618\" \/>\n\t<meta property=\"og:image:height\" content=\"1080\" \/>\n\t<meta property=\"og:image:type\" content=\"image\/jpeg\" \/>\n<meta name=\"twitter:card\" content=\"summary_large_image\" \/>\n<script type=\"application\/ld+json\" class=\"yoast-schema-graph\">{\"@context\":\"https:\/\/schema.org\",\"@graph\":[{\"@type\":\"WebPage\",\"@id\":\"https:\/\/julienharlaut.com\/index.php\/produit\/vaisselle\/\",\"url\":\"https:\/\/julienharlaut.com\/index.php\/produit\/vaisselle\/\",\"name\":\"Vaisselle - Julien Harlaut Photographie\",\"isPartOf\":{\"@id\":\"https:\/\/julienharlaut.com\/#website\"},\"primaryImageOfPage\":{\"@id\":\"https:\/\/julienharlaut.com\/index.php\/produit\/vaisselle\/#primaryimage\"},\"image\":{\"@id\":\"https:\/\/julienharlaut.com\/index.php\/produit\/vaisselle\/#primaryimage\"},\"thumbnailUrl\":\"https:\/\/julienharlaut.com\/wp-content\/uploads\/2025\/06\/IMG_9924_5_tonemapped-copie.jpg\",\"datePublished\":\"2025-06-16T07:27:32+00:00\",\"breadcrumb\":{\"@id\":\"https:\/\/julienharlaut.com\/index.php\/produit\/vaisselle\/#breadcrumb\"},\"inLanguage\":\"fr-FR\",\"potentialAction\":[{\"@type\":\"ReadAction\",\"target\":[\"https:\/\/julienharlaut.com\/index.php\/produit\/vaisselle\/\"]}]},{\"@type\":\"ImageObject\",\"inLanguage\":\"fr-FR\",\"@id\":\"https:\/\/julienharlaut.com\/index.php\/produit\/vaisselle\/#primaryimage\",\"url\":\"https:\/\/julienharlaut.com\/wp-content\/uploads\/2025\/06\/IMG_9924_5_tonemapped-copie.jpg\",\"contentUrl\":\"https:\/\/julienharlaut.com\/wp-content\/uploads\/2025\/06\/IMG_9924_5_tonemapped-copie.jpg\",\"width\":1618,\"height\":1080,\"caption\":\"Photographie de vieux vases et vaisselles plac\u00e9es sur un meuble devant une fen\u00eatre.\"},{\"@type\":\"BreadcrumbList\",\"@id\":\"https:\/\/julienharlaut.com\/index.php\/produit\/vaisselle\/#breadcrumb\",\"itemListElement\":[{\"@type\":\"ListItem\",\"position\":1,\"name\":\"Accueil\",\"item\":\"https:\/\/julienharlaut.com\/\"},{\"@type\":\"ListItem\",\"position\":2,\"name\":\"Photographies\",\"item\":\"https:\/\/julienharlaut.com\/index.php\/shop\/\"},{\"@type\":\"ListItem\",\"position\":3,\"name\":\"Vaisselle\"}]},{\"@type\":\"WebSite\",\"@id\":\"https:\/\/julienharlaut.com\/#website\",\"url\":\"https:\/\/julienharlaut.com\/\",\"name\":\"Julien Harlaut Photographie\",\"description\":\"\",\"publisher\":{\"@id\":\"https:\/\/julienharlaut.com\/#\/schema\/person\/ac9683541957274584a9797df14ae7d9\"},\"potentialAction\":[{\"@type\":\"SearchAction\",\"target\":{\"@type\":\"EntryPoint\",\"urlTemplate\":\"https:\/\/julienharlaut.com\/?s={search_term_string}\"},\"query-input\":{\"@type\":\"PropertyValueSpecification\",\"valueRequired\":true,\"valueName\":\"search_term_string\"}}],\"inLanguage\":\"fr-FR\"},{\"@type\":[\"Person\",\"Organization\"],\"@id\":\"https:\/\/julienharlaut.com\/#\/schema\/person\/ac9683541957274584a9797df14ae7d9\",\"name\":\"Julien Harlaut\",\"image\":{\"@type\":\"ImageObject\",\"inLanguage\":\"fr-FR\",\"@id\":\"https:\/\/julienharlaut.com\/#\/schema\/person\/image\/\",\"url\":\"https:\/\/julienharlaut.com\/wp-content\/uploads\/2025\/05\/Julien_Harlaut_Profil.jpg\",\"contentUrl\":\"https:\/\/julienharlaut.com\/wp-content\/uploads\/2025\/05\/Julien_Harlaut_Profil.jpg\",\"width\":1310,\"height\":1366,\"caption\":\"Julien Harlaut\"},\"logo\":{\"@id\":\"https:\/\/julienharlaut.com\/#\/schema\/person\/image\/\"},\"sameAs\":[\"https:\/\/www.facebook.com\/julienharlautphotographie\/?locale=fr_FR\",\"https:\/\/www.instagram.com\/consent\/?flow=ad_free_subscription&params_json=afs_variantfirst_timegcl_experience_id205d4698-3e11-45fb-972f-9b35689a61f7&source=ad_free_subscription_blocking_flow\",\"https:\/\/www.linkedin.com\/in\/julienharlaut\"]}]}<\/script>\n<!-- \/ Yoast SEO plugin. -->","yoast_head_json":{"title":"Vaisselle - Julien Harlaut Photographie","robots":{"index":"index","follow":"follow","max-snippet":"max-snippet:-1","max-image-preview":"max-image-preview:large","max-video-preview":"max-video-preview:-1"},"canonical":"https:\/\/julienharlaut.com\/index.php\/produit\/vaisselle\/","og_locale":"fr_FR","og_type":"article","og_title":"Vaisselle - Julien Harlaut Photographie","og_description":"Photographie de vieux vases et vaisselles plac\u00e9es sur un meuble devant une fen\u00eatre. Une ambiance particuli\u00e8re se d\u00e9gage de cette sc\u00e8ne, montrant d'un c\u00f4t\u00e9 l'obscurit\u00e9 avec tous les objets abandonn\u00e9s et d'un autre, la lumi\u00e8re avec le monde qui a continu\u00e9 de vivre.","og_url":"https:\/\/julienharlaut.com\/index.php\/produit\/vaisselle\/","og_site_name":"Julien Harlaut Photographie","article_publisher":"https:\/\/www.facebook.com\/julienharlautphotographie\/?locale=fr_FR","og_image":[{"width":1618,"height":1080,"url":"https:\/\/julienharlaut.com\/wp-content\/uploads\/2025\/06\/IMG_9924_5_tonemapped-copie.jpg","type":"image\/jpeg"}],"twitter_card":"summary_large_image","schema":{"@context":"https:\/\/schema.org","@graph":[{"@type":"WebPage","@id":"https:\/\/julienharlaut.com\/index.php\/produit\/vaisselle\/","url":"https:\/\/julienharlaut.com\/index.php\/produit\/vaisselle\/","name":"Vaisselle - Julien Harlaut Photographie","isPartOf":{"@id":"https:\/\/julienharlaut.com\/#website"},"primaryImageOfPage":{"@id":"https:\/\/julienharlaut.com\/index.php\/produit\/vaisselle\/#primaryimage"},"image":{"@id":"https:\/\/julienharlaut.com\/index.php\/produit\/vaisselle\/#primaryimage"},"thumbnailUrl":"https:\/\/julienharlaut.com\/wp-content\/uploads\/2025\/06\/IMG_9924_5_tonemapped-copie.jpg","datePublished":"2025-06-16T07:27:32+00:00","breadcrumb":{"@id":"https:\/\/julienharlaut.com\/index.php\/produit\/vaisselle\/#breadcrumb"},"inLanguage":"fr-FR","potentialAction":[{"@type":"ReadAction","target":["https:\/\/julienharlaut.com\/index.php\/produit\/vaisselle\/"]}]},{"@type":"ImageObject","inLanguage":"fr-FR","@id":"https:\/\/julienharlaut.com\/index.php\/produit\/vaisselle\/#primaryimage","url":"https:\/\/julienharlaut.com\/wp-content\/uploads\/2025\/06\/IMG_9924_5_tonemapped-copie.jpg","contentUrl":"https:\/\/julienharlaut.com\/wp-content\/uploads\/2025\/06\/IMG_9924_5_tonemapped-copie.jpg","width":1618,"height":1080,"caption":"Photographie de vieux vases et vaisselles plac\u00e9es sur un meuble devant une fen\u00eatre."},{"@type":"BreadcrumbList","@id":"https:\/\/julienharlaut.com\/index.php\/produit\/vaisselle\/#breadcrumb","itemListElement":[{"@type":"ListItem","position":1,"name":"Accueil","item":"https:\/\/julienharlaut.com\/"},{"@type":"ListItem","position":2,"name":"Photographies","item":"https:\/\/julienharlaut.com\/index.php\/shop\/"},{"@type":"ListItem","position":3,"name":"Vaisselle"}]},{"@type":"WebSite","@id":"https:\/\/julienharlaut.com\/#website","url":"https:\/\/julienharlaut.com\/","name":"Julien Harlaut Photographie","description":"","publisher":{"@id":"https:\/\/julienharlaut.com\/#\/schema\/person\/ac9683541957274584a9797df14ae7d9"},"potentialAction":[{"@type":"SearchAction","target":{"@type":"EntryPoint","urlTemplate":"https:\/\/julienharlaut.com\/?s={search_term_string}"},"query-input":{"@type":"PropertyValueSpecification","valueRequired":true,"valueName":"search_term_string"}}],"inLanguage":"fr-FR"},{"@type":["Person","Organization"],"@id":"https:\/\/julienharlaut.com\/#\/schema\/person\/ac9683541957274584a9797df14ae7d9","name":"Julien Harlaut","image":{"@type":"ImageObject","inLanguage":"fr-FR","@id":"https:\/\/julienharlaut.com\/#\/schema\/person\/image\/","url":"https:\/\/julienharlaut.com\/wp-content\/uploads\/2025\/05\/Julien_Harlaut_Profil.jpg","contentUrl":"https:\/\/julienharlaut.com\/wp-content\/uploads\/2025\/05\/Julien_Harlaut_Profil.jpg","width":1310,"height":1366,"caption":"Julien Harlaut"},"logo":{"@id":"https:\/\/julienharlaut.com\/#\/schema\/person\/image\/"},"sameAs":["https:\/\/www.facebook.com\/julienharlautphotographie\/?locale=fr_FR","https:\/\/www.instagram.com\/consent\/?flow=ad_free_subscription&params_json=afs_variantfirst_timegcl_experience_id205d4698-3e11-45fb-972f-9b35689a61f7&source=ad_free_subscription_blocking_flow","https:\/\/www.linkedin.com\/in\/julienharlaut"]}]}},"jetpack_sharing_enabled":true,"_links":{"self":[{"href":"https:\/\/julienharlaut.com\/index.php\/wp-json\/wp\/v2\/product\/1642","targetHints":{"allow":["GET"]}}],"collection":[{"href":"https:\/\/julienharlaut.com\/index.php\/wp-json\/wp\/v2\/product"}],"about":[{"href":"https:\/\/julienharlaut.com\/index.php\/wp-json\/wp\/v2\/types\/product"}],"replies":[{"embeddable":true,"href":"https:\/\/julienharlaut.com\/index.php\/wp-json\/wp\/v2\/comments?post=1642"}],"wp:featuredmedia":[{"embeddable":true,"href":"https:\/\/julienharlaut.com\/index.php\/wp-json\/wp\/v2\/media\/1643"}],"wp:attachment":[{"href":"https:\/\/julienharlaut.com\/index.php\/wp-json\/wp\/v2\/media?parent=1642"}],"wp:term":[{"taxonomy":"product_brand","embeddable":true,"href":"https:\/\/julienharlaut.com\/index.php\/wp-json\/wp\/v2\/product_brand?post=1642"},{"taxonomy":"product_cat","embeddable":true,"href":"https:\/\/julienharlaut.com\/index.php\/wp-json\/wp\/v2\/product_cat?post=1642"},{"taxonomy":"product_tag","embeddable":true,"href":"https:\/\/julienharlaut.com\/index.php\/wp-json\/wp\/v2\/product_tag?post=1642"}],"curies":[{"name":"wp","href":"https:\/\/api.w.org\/{rel}","templated":true}]}}