{"id":1628,"date":"2025-06-16T09:12:54","date_gmt":"2025-06-16T07:12:54","guid":{"rendered":"http:\/\/localhost\/essai5\/?post_type=product&#038;p=1628"},"modified":"2025-06-16T09:12:54","modified_gmt":"2025-06-16T07:12:54","slug":"mandoline","status":"publish","type":"product","link":"https:\/\/julienharlaut.com\/index.php\/produit\/mandoline\/","title":{"rendered":"Mandoline"},"content":{"rendered":"<p>Tirage haute d\u00e9finition sur aluminium 3mm et encadrement en caisse am\u00e9ricaine.<\/p>\n","protected":false},"excerpt":{"rendered":"<p>Cette image respire une nostalgie douce-am\u00e8re, capturant l\u2019\u00e2me d\u2019un lieu fig\u00e9 dans le temps. Une mandoline poussi\u00e9reuse repose avec gr\u00e2ce sur un fauteuil capitonn\u00e9 en velours pourpre, comme si la musique avait soudainement cess\u00e9. En arri\u00e8re-plan, une table bancale recouverte d\u2019un tissu rouge fan\u00e9 accueille des livres oubli\u00e9s et un vieux soulier, tandis qu\u2019une roue de charrette en bois semble veiller, silencieuse, sur ce d\u00e9cor th\u00e9\u00e2tral. L\u2019ambiance chaleureuse de la lumi\u00e8re dor\u00e9e contraste avec l\u2019abandon ambiant, \u00e9voquant un pass\u00e9 vibrant, aujourd\u2019hui \u00e9teint mais encore palpable.<\/p>\n","protected":false},"featured_media":1629,"comment_status":"open","ping_status":"closed","template":"","meta":[],"product_brand":[],"product_cat":[57],"product_tag":[],"class_list":{"0":"post-1628","1":"product","2":"type-product","3":"status-publish","4":"has-post-thumbnail","6":"product_cat-objets","7":"pa_taille-40-60","8":"pa_taille-60-90","9":"pa_taille-120-80","10":"pa_taille-150-100","11":"pa_taille-180-120","13":"first","14":"instock","15":"shipping-taxable","16":"purchasable","17":"product-type-variable"},"yoast_head":"<!-- This site is optimized with the Yoast SEO plugin v26.7 - https:\/\/yoast.com\/wordpress\/plugins\/seo\/ -->\n<title>Mandoline - Julien Harlaut Photographie<\/title>\n<meta name=\"robots\" content=\"index, follow, max-snippet:-1, max-image-preview:large, max-video-preview:-1\" \/>\n<link rel=\"canonical\" href=\"https:\/\/julienharlaut.com\/index.php\/produit\/mandoline\/\" \/>\n<meta property=\"og:locale\" content=\"fr_FR\" \/>\n<meta property=\"og:type\" content=\"article\" \/>\n<meta property=\"og:title\" content=\"Mandoline - Julien Harlaut Photographie\" \/>\n<meta property=\"og:description\" content=\"Cette image respire une nostalgie douce-am\u00e8re, capturant l\u2019\u00e2me d\u2019un lieu fig\u00e9 dans le temps. Une mandoline poussi\u00e9reuse repose avec gr\u00e2ce sur un fauteuil capitonn\u00e9 en velours pourpre, comme si la musique avait soudainement cess\u00e9. En arri\u00e8re-plan, une table bancale recouverte d\u2019un tissu rouge fan\u00e9 accueille des livres oubli\u00e9s et un vieux soulier, tandis qu\u2019une roue de charrette en bois semble veiller, silencieuse, sur ce d\u00e9cor th\u00e9\u00e2tral. L\u2019ambiance chaleureuse de la lumi\u00e8re dor\u00e9e contraste avec l\u2019abandon ambiant, \u00e9voquant un pass\u00e9 vibrant, aujourd\u2019hui \u00e9teint mais encore palpable.\" \/>\n<meta property=\"og:url\" content=\"https:\/\/julienharlaut.com\/index.php\/produit\/mandoline\/\" \/>\n<meta property=\"og:site_name\" content=\"Julien Harlaut Photographie\" \/>\n<meta property=\"article:publisher\" content=\"https:\/\/www.facebook.com\/julienharlautphotographie\/?locale=fr_FR\" \/>\n<meta property=\"og:image\" content=\"https:\/\/julienharlaut.com\/wp-content\/uploads\/2025\/06\/IMG_9481_2_tonemapped-copie.jpg\" \/>\n\t<meta property=\"og:image:width\" content=\"1618\" \/>\n\t<meta property=\"og:image:height\" content=\"1080\" \/>\n\t<meta property=\"og:image:type\" content=\"image\/jpeg\" \/>\n<meta name=\"twitter:card\" content=\"summary_large_image\" \/>\n<script type=\"application\/ld+json\" class=\"yoast-schema-graph\">{\"@context\":\"https:\/\/schema.org\",\"@graph\":[{\"@type\":\"WebPage\",\"@id\":\"https:\/\/julienharlaut.com\/index.php\/produit\/mandoline\/\",\"url\":\"https:\/\/julienharlaut.com\/index.php\/produit\/mandoline\/\",\"name\":\"Mandoline - Julien Harlaut Photographie\",\"isPartOf\":{\"@id\":\"https:\/\/julienharlaut.com\/#website\"},\"primaryImageOfPage\":{\"@id\":\"https:\/\/julienharlaut.com\/index.php\/produit\/mandoline\/#primaryimage\"},\"image\":{\"@id\":\"https:\/\/julienharlaut.com\/index.php\/produit\/mandoline\/#primaryimage\"},\"thumbnailUrl\":\"https:\/\/julienharlaut.com\/wp-content\/uploads\/2025\/06\/IMG_9481_2_tonemapped-copie.jpg\",\"datePublished\":\"2025-06-16T07:12:54+00:00\",\"breadcrumb\":{\"@id\":\"https:\/\/julienharlaut.com\/index.php\/produit\/mandoline\/#breadcrumb\"},\"inLanguage\":\"fr-FR\",\"potentialAction\":[{\"@type\":\"ReadAction\",\"target\":[\"https:\/\/julienharlaut.com\/index.php\/produit\/mandoline\/\"]}]},{\"@type\":\"ImageObject\",\"inLanguage\":\"fr-FR\",\"@id\":\"https:\/\/julienharlaut.com\/index.php\/produit\/mandoline\/#primaryimage\",\"url\":\"https:\/\/julienharlaut.com\/wp-content\/uploads\/2025\/06\/IMG_9481_2_tonemapped-copie.jpg\",\"contentUrl\":\"https:\/\/julienharlaut.com\/wp-content\/uploads\/2025\/06\/IMG_9481_2_tonemapped-copie.jpg\",\"width\":1618,\"height\":1080,\"caption\":\"Photographie dune mandoline pos\u00e9e sur un canap\u00e9 dans le Ch\u00e2teau Secession.\"},{\"@type\":\"BreadcrumbList\",\"@id\":\"https:\/\/julienharlaut.com\/index.php\/produit\/mandoline\/#breadcrumb\",\"itemListElement\":[{\"@type\":\"ListItem\",\"position\":1,\"name\":\"Accueil\",\"item\":\"https:\/\/julienharlaut.com\/\"},{\"@type\":\"ListItem\",\"position\":2,\"name\":\"Photographies\",\"item\":\"https:\/\/julienharlaut.com\/index.php\/shop\/\"},{\"@type\":\"ListItem\",\"position\":3,\"name\":\"Mandoline\"}]},{\"@type\":\"WebSite\",\"@id\":\"https:\/\/julienharlaut.com\/#website\",\"url\":\"https:\/\/julienharlaut.com\/\",\"name\":\"Julien Harlaut Photographie\",\"description\":\"\",\"publisher\":{\"@id\":\"https:\/\/julienharlaut.com\/#\/schema\/person\/ac9683541957274584a9797df14ae7d9\"},\"potentialAction\":[{\"@type\":\"SearchAction\",\"target\":{\"@type\":\"EntryPoint\",\"urlTemplate\":\"https:\/\/julienharlaut.com\/?s={search_term_string}\"},\"query-input\":{\"@type\":\"PropertyValueSpecification\",\"valueRequired\":true,\"valueName\":\"search_term_string\"}}],\"inLanguage\":\"fr-FR\"},{\"@type\":[\"Person\",\"Organization\"],\"@id\":\"https:\/\/julienharlaut.com\/#\/schema\/person\/ac9683541957274584a9797df14ae7d9\",\"name\":\"Julien Harlaut\",\"image\":{\"@type\":\"ImageObject\",\"inLanguage\":\"fr-FR\",\"@id\":\"https:\/\/julienharlaut.com\/#\/schema\/person\/image\/\",\"url\":\"https:\/\/julienharlaut.com\/wp-content\/uploads\/2025\/05\/Julien_Harlaut_Profil.jpg\",\"contentUrl\":\"https:\/\/julienharlaut.com\/wp-content\/uploads\/2025\/05\/Julien_Harlaut_Profil.jpg\",\"width\":1310,\"height\":1366,\"caption\":\"Julien Harlaut\"},\"logo\":{\"@id\":\"https:\/\/julienharlaut.com\/#\/schema\/person\/image\/\"},\"sameAs\":[\"https:\/\/www.facebook.com\/julienharlautphotographie\/?locale=fr_FR\",\"https:\/\/www.instagram.com\/consent\/?flow=ad_free_subscription&params_json=afs_variantfirst_timegcl_experience_id205d4698-3e11-45fb-972f-9b35689a61f7&source=ad_free_subscription_blocking_flow\",\"https:\/\/www.linkedin.com\/in\/julienharlaut\"]}]}<\/script>\n<!-- \/ Yoast SEO plugin. -->","yoast_head_json":{"title":"Mandoline - Julien Harlaut Photographie","robots":{"index":"index","follow":"follow","max-snippet":"max-snippet:-1","max-image-preview":"max-image-preview:large","max-video-preview":"max-video-preview:-1"},"canonical":"https:\/\/julienharlaut.com\/index.php\/produit\/mandoline\/","og_locale":"fr_FR","og_type":"article","og_title":"Mandoline - Julien Harlaut Photographie","og_description":"Cette image respire une nostalgie douce-am\u00e8re, capturant l\u2019\u00e2me d\u2019un lieu fig\u00e9 dans le temps. Une mandoline poussi\u00e9reuse repose avec gr\u00e2ce sur un fauteuil capitonn\u00e9 en velours pourpre, comme si la musique avait soudainement cess\u00e9. En arri\u00e8re-plan, une table bancale recouverte d\u2019un tissu rouge fan\u00e9 accueille des livres oubli\u00e9s et un vieux soulier, tandis qu\u2019une roue de charrette en bois semble veiller, silencieuse, sur ce d\u00e9cor th\u00e9\u00e2tral. L\u2019ambiance chaleureuse de la lumi\u00e8re dor\u00e9e contraste avec l\u2019abandon ambiant, \u00e9voquant un pass\u00e9 vibrant, aujourd\u2019hui \u00e9teint mais encore palpable.","og_url":"https:\/\/julienharlaut.com\/index.php\/produit\/mandoline\/","og_site_name":"Julien Harlaut Photographie","article_publisher":"https:\/\/www.facebook.com\/julienharlautphotographie\/?locale=fr_FR","og_image":[{"width":1618,"height":1080,"url":"https:\/\/julienharlaut.com\/wp-content\/uploads\/2025\/06\/IMG_9481_2_tonemapped-copie.jpg","type":"image\/jpeg"}],"twitter_card":"summary_large_image","schema":{"@context":"https:\/\/schema.org","@graph":[{"@type":"WebPage","@id":"https:\/\/julienharlaut.com\/index.php\/produit\/mandoline\/","url":"https:\/\/julienharlaut.com\/index.php\/produit\/mandoline\/","name":"Mandoline - Julien Harlaut Photographie","isPartOf":{"@id":"https:\/\/julienharlaut.com\/#website"},"primaryImageOfPage":{"@id":"https:\/\/julienharlaut.com\/index.php\/produit\/mandoline\/#primaryimage"},"image":{"@id":"https:\/\/julienharlaut.com\/index.php\/produit\/mandoline\/#primaryimage"},"thumbnailUrl":"https:\/\/julienharlaut.com\/wp-content\/uploads\/2025\/06\/IMG_9481_2_tonemapped-copie.jpg","datePublished":"2025-06-16T07:12:54+00:00","breadcrumb":{"@id":"https:\/\/julienharlaut.com\/index.php\/produit\/mandoline\/#breadcrumb"},"inLanguage":"fr-FR","potentialAction":[{"@type":"ReadAction","target":["https:\/\/julienharlaut.com\/index.php\/produit\/mandoline\/"]}]},{"@type":"ImageObject","inLanguage":"fr-FR","@id":"https:\/\/julienharlaut.com\/index.php\/produit\/mandoline\/#primaryimage","url":"https:\/\/julienharlaut.com\/wp-content\/uploads\/2025\/06\/IMG_9481_2_tonemapped-copie.jpg","contentUrl":"https:\/\/julienharlaut.com\/wp-content\/uploads\/2025\/06\/IMG_9481_2_tonemapped-copie.jpg","width":1618,"height":1080,"caption":"Photographie dune mandoline pos\u00e9e sur un canap\u00e9 dans le Ch\u00e2teau Secession."},{"@type":"BreadcrumbList","@id":"https:\/\/julienharlaut.com\/index.php\/produit\/mandoline\/#breadcrumb","itemListElement":[{"@type":"ListItem","position":1,"name":"Accueil","item":"https:\/\/julienharlaut.com\/"},{"@type":"ListItem","position":2,"name":"Photographies","item":"https:\/\/julienharlaut.com\/index.php\/shop\/"},{"@type":"ListItem","position":3,"name":"Mandoline"}]},{"@type":"WebSite","@id":"https:\/\/julienharlaut.com\/#website","url":"https:\/\/julienharlaut.com\/","name":"Julien Harlaut Photographie","description":"","publisher":{"@id":"https:\/\/julienharlaut.com\/#\/schema\/person\/ac9683541957274584a9797df14ae7d9"},"potentialAction":[{"@type":"SearchAction","target":{"@type":"EntryPoint","urlTemplate":"https:\/\/julienharlaut.com\/?s={search_term_string}"},"query-input":{"@type":"PropertyValueSpecification","valueRequired":true,"valueName":"search_term_string"}}],"inLanguage":"fr-FR"},{"@type":["Person","Organization"],"@id":"https:\/\/julienharlaut.com\/#\/schema\/person\/ac9683541957274584a9797df14ae7d9","name":"Julien Harlaut","image":{"@type":"ImageObject","inLanguage":"fr-FR","@id":"https:\/\/julienharlaut.com\/#\/schema\/person\/image\/","url":"https:\/\/julienharlaut.com\/wp-content\/uploads\/2025\/05\/Julien_Harlaut_Profil.jpg","contentUrl":"https:\/\/julienharlaut.com\/wp-content\/uploads\/2025\/05\/Julien_Harlaut_Profil.jpg","width":1310,"height":1366,"caption":"Julien Harlaut"},"logo":{"@id":"https:\/\/julienharlaut.com\/#\/schema\/person\/image\/"},"sameAs":["https:\/\/www.facebook.com\/julienharlautphotographie\/?locale=fr_FR","https:\/\/www.instagram.com\/consent\/?flow=ad_free_subscription&params_json=afs_variantfirst_timegcl_experience_id205d4698-3e11-45fb-972f-9b35689a61f7&source=ad_free_subscription_blocking_flow","https:\/\/www.linkedin.com\/in\/julienharlaut"]}]}},"jetpack_sharing_enabled":true,"_links":{"self":[{"href":"https:\/\/julienharlaut.com\/index.php\/wp-json\/wp\/v2\/product\/1628","targetHints":{"allow":["GET"]}}],"collection":[{"href":"https:\/\/julienharlaut.com\/index.php\/wp-json\/wp\/v2\/product"}],"about":[{"href":"https:\/\/julienharlaut.com\/index.php\/wp-json\/wp\/v2\/types\/product"}],"replies":[{"embeddable":true,"href":"https:\/\/julienharlaut.com\/index.php\/wp-json\/wp\/v2\/comments?post=1628"}],"wp:featuredmedia":[{"embeddable":true,"href":"https:\/\/julienharlaut.com\/index.php\/wp-json\/wp\/v2\/media\/1629"}],"wp:attachment":[{"href":"https:\/\/julienharlaut.com\/index.php\/wp-json\/wp\/v2\/media?parent=1628"}],"wp:term":[{"taxonomy":"product_brand","embeddable":true,"href":"https:\/\/julienharlaut.com\/index.php\/wp-json\/wp\/v2\/product_brand?post=1628"},{"taxonomy":"product_cat","embeddable":true,"href":"https:\/\/julienharlaut.com\/index.php\/wp-json\/wp\/v2\/product_cat?post=1628"},{"taxonomy":"product_tag","embeddable":true,"href":"https:\/\/julienharlaut.com\/index.php\/wp-json\/wp\/v2\/product_tag?post=1628"}],"curies":[{"name":"wp","href":"https:\/\/api.w.org\/{rel}","templated":true}]}}