{"id":1626,"date":"2025-06-16T09:06:02","date_gmt":"2025-06-16T07:06:02","guid":{"rendered":"http:\/\/localhost\/essai5\/?post_type=product&#038;p=1626"},"modified":"2025-06-16T09:06:02","modified_gmt":"2025-06-16T07:06:02","slug":"mobilier-endommage","status":"publish","type":"product","link":"https:\/\/julienharlaut.com\/index.php\/produit\/mobilier-endommage\/","title":{"rendered":"Mobilier endommag\u00e9"},"content":{"rendered":"<p>Tirage haute d\u00e9finition sur aluminium 3mm et encadrement en caisse am\u00e9ricaine.<\/p>\n","protected":false},"excerpt":{"rendered":"<p>Cette image capture l\u2019\u00e9l\u00e9gance fan\u00e9e d\u2019un salon autrefois somptueux, fig\u00e9 dans le d\u00e9clin. Le mobilier Louis XV aux velours pourpres et bois sculpt\u00e9 trahit un raffinement d\u2019\u00e9poque, d\u00e9sormais rong\u00e9 par la poussi\u00e8re, les d\u00e9bris et l\u2019humidit\u00e9. Au centre, la table de bois, surcharg\u00e9e de gravats et d\u2019un flacon vide, \u00e9voque un banquet interrompu depuis des d\u00e9cennies. L\u2019ensemble baigne dans une lumi\u00e8re dor\u00e9e, qui sublime le contraste entre faste pass\u00e9 et ruine pr\u00e9sente. C\u2019est une sc\u00e8ne d\u2019abandon majestueux, presque th\u00e9\u00e2trale, o\u00f9 chaque d\u00e9tail semble murmurer une histoire oubli\u00e9e.<\/p>\n","protected":false},"featured_media":1627,"comment_status":"open","ping_status":"closed","template":"","meta":[],"product_brand":[],"product_cat":[57],"product_tag":[],"class_list":{"0":"post-1626","1":"product","2":"type-product","3":"status-publish","4":"has-post-thumbnail","6":"product_cat-objets","8":"first","9":"instock","10":"shipping-taxable","11":"product-type-simple"},"yoast_head":"<!-- This site is optimized with the Yoast SEO plugin v26.7 - https:\/\/yoast.com\/wordpress\/plugins\/seo\/ -->\n<title>Mobilier endommag\u00e9 - Julien Harlaut Photographie<\/title>\n<meta name=\"robots\" content=\"index, follow, max-snippet:-1, max-image-preview:large, max-video-preview:-1\" \/>\n<link rel=\"canonical\" href=\"https:\/\/julienharlaut.com\/index.php\/produit\/mobilier-endommage\/\" \/>\n<meta property=\"og:locale\" content=\"fr_FR\" \/>\n<meta property=\"og:type\" content=\"article\" \/>\n<meta property=\"og:title\" content=\"Mobilier endommag\u00e9 - Julien Harlaut Photographie\" \/>\n<meta property=\"og:description\" content=\"Cette image capture l\u2019\u00e9l\u00e9gance fan\u00e9e d\u2019un salon autrefois somptueux, fig\u00e9 dans le d\u00e9clin. Le mobilier Louis XV aux velours pourpres et bois sculpt\u00e9 trahit un raffinement d\u2019\u00e9poque, d\u00e9sormais rong\u00e9 par la poussi\u00e8re, les d\u00e9bris et l\u2019humidit\u00e9. Au centre, la table de bois, surcharg\u00e9e de gravats et d\u2019un flacon vide, \u00e9voque un banquet interrompu depuis des d\u00e9cennies. L\u2019ensemble baigne dans une lumi\u00e8re dor\u00e9e, qui sublime le contraste entre faste pass\u00e9 et ruine pr\u00e9sente. C\u2019est une sc\u00e8ne d\u2019abandon majestueux, presque th\u00e9\u00e2trale, o\u00f9 chaque d\u00e9tail semble murmurer une histoire oubli\u00e9e.\" \/>\n<meta property=\"og:url\" content=\"https:\/\/julienharlaut.com\/index.php\/produit\/mobilier-endommage\/\" \/>\n<meta property=\"og:site_name\" content=\"Julien Harlaut Photographie\" \/>\n<meta property=\"article:publisher\" content=\"https:\/\/www.facebook.com\/julienharlautphotographie\/?locale=fr_FR\" \/>\n<meta property=\"og:image\" content=\"https:\/\/julienharlaut.com\/wp-content\/uploads\/2025\/06\/IMG_9466_7_tonemapped-copie.jpg\" \/>\n\t<meta property=\"og:image:width\" content=\"1618\" \/>\n\t<meta property=\"og:image:height\" content=\"1080\" \/>\n\t<meta property=\"og:image:type\" content=\"image\/jpeg\" \/>\n<meta name=\"twitter:card\" content=\"summary_large_image\" \/>\n<script type=\"application\/ld+json\" class=\"yoast-schema-graph\">{\"@context\":\"https:\/\/schema.org\",\"@graph\":[{\"@type\":\"WebPage\",\"@id\":\"https:\/\/julienharlaut.com\/index.php\/produit\/mobilier-endommage\/\",\"url\":\"https:\/\/julienharlaut.com\/index.php\/produit\/mobilier-endommage\/\",\"name\":\"Mobilier endommag\u00e9 - Julien Harlaut Photographie\",\"isPartOf\":{\"@id\":\"https:\/\/julienharlaut.com\/#website\"},\"primaryImageOfPage\":{\"@id\":\"https:\/\/julienharlaut.com\/index.php\/produit\/mobilier-endommage\/#primaryimage\"},\"image\":{\"@id\":\"https:\/\/julienharlaut.com\/index.php\/produit\/mobilier-endommage\/#primaryimage\"},\"thumbnailUrl\":\"https:\/\/julienharlaut.com\/wp-content\/uploads\/2025\/06\/IMG_9466_7_tonemapped-copie.jpg\",\"datePublished\":\"2025-06-16T07:06:02+00:00\",\"breadcrumb\":{\"@id\":\"https:\/\/julienharlaut.com\/index.php\/produit\/mobilier-endommage\/#breadcrumb\"},\"inLanguage\":\"fr-FR\",\"potentialAction\":[{\"@type\":\"ReadAction\",\"target\":[\"https:\/\/julienharlaut.com\/index.php\/produit\/mobilier-endommage\/\"]}]},{\"@type\":\"ImageObject\",\"inLanguage\":\"fr-FR\",\"@id\":\"https:\/\/julienharlaut.com\/index.php\/produit\/mobilier-endommage\/#primaryimage\",\"url\":\"https:\/\/julienharlaut.com\/wp-content\/uploads\/2025\/06\/IMG_9466_7_tonemapped-copie.jpg\",\"contentUrl\":\"https:\/\/julienharlaut.com\/wp-content\/uploads\/2025\/06\/IMG_9466_7_tonemapped-copie.jpg\",\"width\":1618,\"height\":1080,\"caption\":\"Photographie d'une table et de chaises ab\u00eem\u00e9es par le temps dans une maison partiellement d\u00e9truite.\"},{\"@type\":\"BreadcrumbList\",\"@id\":\"https:\/\/julienharlaut.com\/index.php\/produit\/mobilier-endommage\/#breadcrumb\",\"itemListElement\":[{\"@type\":\"ListItem\",\"position\":1,\"name\":\"Accueil\",\"item\":\"https:\/\/julienharlaut.com\/\"},{\"@type\":\"ListItem\",\"position\":2,\"name\":\"Photographies\",\"item\":\"https:\/\/julienharlaut.com\/index.php\/shop\/\"},{\"@type\":\"ListItem\",\"position\":3,\"name\":\"Mobilier endommag\u00e9\"}]},{\"@type\":\"WebSite\",\"@id\":\"https:\/\/julienharlaut.com\/#website\",\"url\":\"https:\/\/julienharlaut.com\/\",\"name\":\"Julien Harlaut Photographie\",\"description\":\"\",\"publisher\":{\"@id\":\"https:\/\/julienharlaut.com\/#\/schema\/person\/ac9683541957274584a9797df14ae7d9\"},\"potentialAction\":[{\"@type\":\"SearchAction\",\"target\":{\"@type\":\"EntryPoint\",\"urlTemplate\":\"https:\/\/julienharlaut.com\/?s={search_term_string}\"},\"query-input\":{\"@type\":\"PropertyValueSpecification\",\"valueRequired\":true,\"valueName\":\"search_term_string\"}}],\"inLanguage\":\"fr-FR\"},{\"@type\":[\"Person\",\"Organization\"],\"@id\":\"https:\/\/julienharlaut.com\/#\/schema\/person\/ac9683541957274584a9797df14ae7d9\",\"name\":\"Julien Harlaut\",\"image\":{\"@type\":\"ImageObject\",\"inLanguage\":\"fr-FR\",\"@id\":\"https:\/\/julienharlaut.com\/#\/schema\/person\/image\/\",\"url\":\"https:\/\/julienharlaut.com\/wp-content\/uploads\/2025\/05\/Julien_Harlaut_Profil.jpg\",\"contentUrl\":\"https:\/\/julienharlaut.com\/wp-content\/uploads\/2025\/05\/Julien_Harlaut_Profil.jpg\",\"width\":1310,\"height\":1366,\"caption\":\"Julien Harlaut\"},\"logo\":{\"@id\":\"https:\/\/julienharlaut.com\/#\/schema\/person\/image\/\"},\"sameAs\":[\"https:\/\/www.facebook.com\/julienharlautphotographie\/?locale=fr_FR\",\"https:\/\/www.instagram.com\/consent\/?flow=ad_free_subscription&params_json=afs_variantfirst_timegcl_experience_id205d4698-3e11-45fb-972f-9b35689a61f7&source=ad_free_subscription_blocking_flow\",\"https:\/\/www.linkedin.com\/in\/julienharlaut\"]}]}<\/script>\n<!-- \/ Yoast SEO plugin. -->","yoast_head_json":{"title":"Mobilier endommag\u00e9 - Julien Harlaut Photographie","robots":{"index":"index","follow":"follow","max-snippet":"max-snippet:-1","max-image-preview":"max-image-preview:large","max-video-preview":"max-video-preview:-1"},"canonical":"https:\/\/julienharlaut.com\/index.php\/produit\/mobilier-endommage\/","og_locale":"fr_FR","og_type":"article","og_title":"Mobilier endommag\u00e9 - Julien Harlaut Photographie","og_description":"Cette image capture l\u2019\u00e9l\u00e9gance fan\u00e9e d\u2019un salon autrefois somptueux, fig\u00e9 dans le d\u00e9clin. Le mobilier Louis XV aux velours pourpres et bois sculpt\u00e9 trahit un raffinement d\u2019\u00e9poque, d\u00e9sormais rong\u00e9 par la poussi\u00e8re, les d\u00e9bris et l\u2019humidit\u00e9. Au centre, la table de bois, surcharg\u00e9e de gravats et d\u2019un flacon vide, \u00e9voque un banquet interrompu depuis des d\u00e9cennies. L\u2019ensemble baigne dans une lumi\u00e8re dor\u00e9e, qui sublime le contraste entre faste pass\u00e9 et ruine pr\u00e9sente. C\u2019est une sc\u00e8ne d\u2019abandon majestueux, presque th\u00e9\u00e2trale, o\u00f9 chaque d\u00e9tail semble murmurer une histoire oubli\u00e9e.","og_url":"https:\/\/julienharlaut.com\/index.php\/produit\/mobilier-endommage\/","og_site_name":"Julien Harlaut Photographie","article_publisher":"https:\/\/www.facebook.com\/julienharlautphotographie\/?locale=fr_FR","og_image":[{"width":1618,"height":1080,"url":"https:\/\/julienharlaut.com\/wp-content\/uploads\/2025\/06\/IMG_9466_7_tonemapped-copie.jpg","type":"image\/jpeg"}],"twitter_card":"summary_large_image","schema":{"@context":"https:\/\/schema.org","@graph":[{"@type":"WebPage","@id":"https:\/\/julienharlaut.com\/index.php\/produit\/mobilier-endommage\/","url":"https:\/\/julienharlaut.com\/index.php\/produit\/mobilier-endommage\/","name":"Mobilier endommag\u00e9 - Julien Harlaut Photographie","isPartOf":{"@id":"https:\/\/julienharlaut.com\/#website"},"primaryImageOfPage":{"@id":"https:\/\/julienharlaut.com\/index.php\/produit\/mobilier-endommage\/#primaryimage"},"image":{"@id":"https:\/\/julienharlaut.com\/index.php\/produit\/mobilier-endommage\/#primaryimage"},"thumbnailUrl":"https:\/\/julienharlaut.com\/wp-content\/uploads\/2025\/06\/IMG_9466_7_tonemapped-copie.jpg","datePublished":"2025-06-16T07:06:02+00:00","breadcrumb":{"@id":"https:\/\/julienharlaut.com\/index.php\/produit\/mobilier-endommage\/#breadcrumb"},"inLanguage":"fr-FR","potentialAction":[{"@type":"ReadAction","target":["https:\/\/julienharlaut.com\/index.php\/produit\/mobilier-endommage\/"]}]},{"@type":"ImageObject","inLanguage":"fr-FR","@id":"https:\/\/julienharlaut.com\/index.php\/produit\/mobilier-endommage\/#primaryimage","url":"https:\/\/julienharlaut.com\/wp-content\/uploads\/2025\/06\/IMG_9466_7_tonemapped-copie.jpg","contentUrl":"https:\/\/julienharlaut.com\/wp-content\/uploads\/2025\/06\/IMG_9466_7_tonemapped-copie.jpg","width":1618,"height":1080,"caption":"Photographie d'une table et de chaises ab\u00eem\u00e9es par le temps dans une maison partiellement d\u00e9truite."},{"@type":"BreadcrumbList","@id":"https:\/\/julienharlaut.com\/index.php\/produit\/mobilier-endommage\/#breadcrumb","itemListElement":[{"@type":"ListItem","position":1,"name":"Accueil","item":"https:\/\/julienharlaut.com\/"},{"@type":"ListItem","position":2,"name":"Photographies","item":"https:\/\/julienharlaut.com\/index.php\/shop\/"},{"@type":"ListItem","position":3,"name":"Mobilier endommag\u00e9"}]},{"@type":"WebSite","@id":"https:\/\/julienharlaut.com\/#website","url":"https:\/\/julienharlaut.com\/","name":"Julien Harlaut Photographie","description":"","publisher":{"@id":"https:\/\/julienharlaut.com\/#\/schema\/person\/ac9683541957274584a9797df14ae7d9"},"potentialAction":[{"@type":"SearchAction","target":{"@type":"EntryPoint","urlTemplate":"https:\/\/julienharlaut.com\/?s={search_term_string}"},"query-input":{"@type":"PropertyValueSpecification","valueRequired":true,"valueName":"search_term_string"}}],"inLanguage":"fr-FR"},{"@type":["Person","Organization"],"@id":"https:\/\/julienharlaut.com\/#\/schema\/person\/ac9683541957274584a9797df14ae7d9","name":"Julien Harlaut","image":{"@type":"ImageObject","inLanguage":"fr-FR","@id":"https:\/\/julienharlaut.com\/#\/schema\/person\/image\/","url":"https:\/\/julienharlaut.com\/wp-content\/uploads\/2025\/05\/Julien_Harlaut_Profil.jpg","contentUrl":"https:\/\/julienharlaut.com\/wp-content\/uploads\/2025\/05\/Julien_Harlaut_Profil.jpg","width":1310,"height":1366,"caption":"Julien Harlaut"},"logo":{"@id":"https:\/\/julienharlaut.com\/#\/schema\/person\/image\/"},"sameAs":["https:\/\/www.facebook.com\/julienharlautphotographie\/?locale=fr_FR","https:\/\/www.instagram.com\/consent\/?flow=ad_free_subscription&params_json=afs_variantfirst_timegcl_experience_id205d4698-3e11-45fb-972f-9b35689a61f7&source=ad_free_subscription_blocking_flow","https:\/\/www.linkedin.com\/in\/julienharlaut"]}]}},"jetpack_sharing_enabled":true,"_links":{"self":[{"href":"https:\/\/julienharlaut.com\/index.php\/wp-json\/wp\/v2\/product\/1626","targetHints":{"allow":["GET"]}}],"collection":[{"href":"https:\/\/julienharlaut.com\/index.php\/wp-json\/wp\/v2\/product"}],"about":[{"href":"https:\/\/julienharlaut.com\/index.php\/wp-json\/wp\/v2\/types\/product"}],"replies":[{"embeddable":true,"href":"https:\/\/julienharlaut.com\/index.php\/wp-json\/wp\/v2\/comments?post=1626"}],"wp:featuredmedia":[{"embeddable":true,"href":"https:\/\/julienharlaut.com\/index.php\/wp-json\/wp\/v2\/media\/1627"}],"wp:attachment":[{"href":"https:\/\/julienharlaut.com\/index.php\/wp-json\/wp\/v2\/media?parent=1626"}],"wp:term":[{"taxonomy":"product_brand","embeddable":true,"href":"https:\/\/julienharlaut.com\/index.php\/wp-json\/wp\/v2\/product_brand?post=1626"},{"taxonomy":"product_cat","embeddable":true,"href":"https:\/\/julienharlaut.com\/index.php\/wp-json\/wp\/v2\/product_cat?post=1626"},{"taxonomy":"product_tag","embeddable":true,"href":"https:\/\/julienharlaut.com\/index.php\/wp-json\/wp\/v2\/product_tag?post=1626"}],"curies":[{"name":"wp","href":"https:\/\/api.w.org\/{rel}","templated":true}]}}