{"id":1524,"date":"2025-06-11T09:36:19","date_gmt":"2025-06-11T07:36:19","guid":{"rendered":"http:\/\/localhost\/essai5\/?post_type=product&#038;p=1524"},"modified":"2025-06-11T11:22:00","modified_gmt":"2025-06-11T09:22:00","slug":"1524","status":"publish","type":"product","link":"https:\/\/julienharlaut.com\/index.php\/produit\/1524\/","title":{"rendered":"Salle de r\u00e9ception"},"content":{"rendered":"<p>Cette image saisissante \u00e9voque toute la po\u00e9sie de la d\u00e9cadence. L&rsquo;\u00e9l\u00e9gance surann\u00e9e du mobilier Louis XV contraste puissamment avec l\u2019\u00e9tat de ruine environnant : murs d\u00e9cr\u00e9pis, briques effondr\u00e9es, v\u00e9g\u00e9tation envahissante. C\u2019est une sc\u00e8ne de faste fig\u00e9 dans l\u2019abandon, presque th\u00e9\u00e2trale. Le cadrage frontal et sym\u00e9trique renforce l\u2019impression d\u2019un salon fantomatique fig\u00e9 dans le temps \u2014 un moment de gloire fig\u00e9 dans l\u2019oubli. Un chef-d&rsquo;\u0153uvre d\u2019urbex \u00e0 la dimension fine art incontestable.<\/p>\n","protected":false},"excerpt":{"rendered":"<p>Cette image saisissante \u00e9voque toute la po\u00e9sie de la d\u00e9cadence. L&rsquo;\u00e9l\u00e9gance surann\u00e9e du mobilier Louis XV contraste puissamment avec l\u2019\u00e9tat de ruine environnant : murs d\u00e9cr\u00e9pis, briques effondr\u00e9es, v\u00e9g\u00e9tation envahissante. C\u2019est une sc\u00e8ne de faste fig\u00e9 dans l\u2019abandon, presque th\u00e9\u00e2trale. Le cadrage frontal et sym\u00e9trique renforce l\u2019impression d\u2019un salon fantomatique fig\u00e9 dans le temps \u2014 un moment de gloire fig\u00e9 dans l\u2019oubli. Un chef-d&rsquo;\u0153uvre d\u2019urbex \u00e0 la dimension fine art incontestable.<\/p>\n<p>Photographie de la salle de r\u00e9ception au ch\u00e2teau congo.<\/p>\n","protected":false},"featured_media":1525,"comment_status":"open","ping_status":"closed","template":"","meta":[],"product_brand":[],"product_cat":[57],"product_tag":[],"class_list":{"0":"post-1524","1":"product","2":"type-product","3":"status-publish","4":"has-post-thumbnail","6":"product_cat-objets","7":"pa_taille-40-60","8":"pa_taille-60-90","9":"pa_taille-120-80","10":"pa_taille-150-100","11":"pa_taille-180-120","13":"first","14":"instock","15":"shipping-taxable","16":"purchasable","17":"product-type-variable"},"yoast_head":"<!-- This site is optimized with the Yoast SEO plugin v26.7 - https:\/\/yoast.com\/wordpress\/plugins\/seo\/ -->\n<title>Salle de r\u00e9ception - Julien Harlaut Photographie<\/title>\n<meta name=\"robots\" content=\"index, follow, max-snippet:-1, max-image-preview:large, max-video-preview:-1\" \/>\n<link rel=\"canonical\" href=\"https:\/\/julienharlaut.com\/index.php\/produit\/1524\/\" \/>\n<meta property=\"og:locale\" content=\"fr_FR\" \/>\n<meta property=\"og:type\" content=\"article\" \/>\n<meta property=\"og:title\" content=\"Salle de r\u00e9ception - Julien Harlaut Photographie\" \/>\n<meta property=\"og:description\" content=\"Cette image saisissante \u00e9voque toute la po\u00e9sie de la d\u00e9cadence. L&#039;\u00e9l\u00e9gance surann\u00e9e du mobilier Louis XV contraste puissamment avec l\u2019\u00e9tat de ruine environnant : murs d\u00e9cr\u00e9pis, briques effondr\u00e9es, v\u00e9g\u00e9tation envahissante. C\u2019est une sc\u00e8ne de faste fig\u00e9 dans l\u2019abandon, presque th\u00e9\u00e2trale. Le cadrage frontal et sym\u00e9trique renforce l\u2019impression d\u2019un salon fantomatique fig\u00e9 dans le temps \u2014 un moment de gloire fig\u00e9 dans l\u2019oubli. Un chef-d&#039;\u0153uvre d\u2019urbex \u00e0 la dimension fine art incontestable.  Photographie de la salle de r\u00e9ception au ch\u00e2teau congo.\" \/>\n<meta property=\"og:url\" content=\"https:\/\/julienharlaut.com\/index.php\/produit\/1524\/\" \/>\n<meta property=\"og:site_name\" content=\"Julien Harlaut Photographie\" \/>\n<meta property=\"article:publisher\" content=\"https:\/\/www.facebook.com\/julienharlautphotographie\/?locale=fr_FR\" \/>\n<meta property=\"article:modified_time\" content=\"2025-06-11T09:22:00+00:00\" \/>\n<meta property=\"og:image\" content=\"https:\/\/julienharlaut.com\/wp-content\/uploads\/2025\/06\/IMG_6364_5_tonemapped-copie.jpg\" \/>\n\t<meta property=\"og:image:width\" content=\"1618\" \/>\n\t<meta property=\"og:image:height\" content=\"1080\" \/>\n\t<meta property=\"og:image:type\" content=\"image\/jpeg\" \/>\n<meta name=\"twitter:card\" content=\"summary_large_image\" \/>\n<script type=\"application\/ld+json\" class=\"yoast-schema-graph\">{\"@context\":\"https:\/\/schema.org\",\"@graph\":[{\"@type\":\"WebPage\",\"@id\":\"https:\/\/julienharlaut.com\/index.php\/produit\/1524\/\",\"url\":\"https:\/\/julienharlaut.com\/index.php\/produit\/1524\/\",\"name\":\"Salle de r\u00e9ception - Julien Harlaut Photographie\",\"isPartOf\":{\"@id\":\"https:\/\/julienharlaut.com\/#website\"},\"primaryImageOfPage\":{\"@id\":\"https:\/\/julienharlaut.com\/index.php\/produit\/1524\/#primaryimage\"},\"image\":{\"@id\":\"https:\/\/julienharlaut.com\/index.php\/produit\/1524\/#primaryimage\"},\"thumbnailUrl\":\"https:\/\/julienharlaut.com\/wp-content\/uploads\/2025\/06\/IMG_6364_5_tonemapped-copie.jpg\",\"datePublished\":\"2025-06-11T07:36:19+00:00\",\"dateModified\":\"2025-06-11T09:22:00+00:00\",\"breadcrumb\":{\"@id\":\"https:\/\/julienharlaut.com\/index.php\/produit\/1524\/#breadcrumb\"},\"inLanguage\":\"fr-FR\",\"potentialAction\":[{\"@type\":\"ReadAction\",\"target\":[\"https:\/\/julienharlaut.com\/index.php\/produit\/1524\/\"]}]},{\"@type\":\"ImageObject\",\"inLanguage\":\"fr-FR\",\"@id\":\"https:\/\/julienharlaut.com\/index.php\/produit\/1524\/#primaryimage\",\"url\":\"https:\/\/julienharlaut.com\/wp-content\/uploads\/2025\/06\/IMG_6364_5_tonemapped-copie.jpg\",\"contentUrl\":\"https:\/\/julienharlaut.com\/wp-content\/uploads\/2025\/06\/IMG_6364_5_tonemapped-copie.jpg\",\"width\":1618,\"height\":1080,\"caption\":\"Photographie de la salle de r\u00e9ception au ch\u00e2teau congo.\"},{\"@type\":\"BreadcrumbList\",\"@id\":\"https:\/\/julienharlaut.com\/index.php\/produit\/1524\/#breadcrumb\",\"itemListElement\":[{\"@type\":\"ListItem\",\"position\":1,\"name\":\"Accueil\",\"item\":\"https:\/\/julienharlaut.com\/\"},{\"@type\":\"ListItem\",\"position\":2,\"name\":\"Photographies\",\"item\":\"https:\/\/julienharlaut.com\/index.php\/shop\/\"},{\"@type\":\"ListItem\",\"position\":3,\"name\":\"Salle de r\u00e9ception\"}]},{\"@type\":\"WebSite\",\"@id\":\"https:\/\/julienharlaut.com\/#website\",\"url\":\"https:\/\/julienharlaut.com\/\",\"name\":\"Julien Harlaut Photographie\",\"description\":\"\",\"publisher\":{\"@id\":\"https:\/\/julienharlaut.com\/#\/schema\/person\/ac9683541957274584a9797df14ae7d9\"},\"potentialAction\":[{\"@type\":\"SearchAction\",\"target\":{\"@type\":\"EntryPoint\",\"urlTemplate\":\"https:\/\/julienharlaut.com\/?s={search_term_string}\"},\"query-input\":{\"@type\":\"PropertyValueSpecification\",\"valueRequired\":true,\"valueName\":\"search_term_string\"}}],\"inLanguage\":\"fr-FR\"},{\"@type\":[\"Person\",\"Organization\"],\"@id\":\"https:\/\/julienharlaut.com\/#\/schema\/person\/ac9683541957274584a9797df14ae7d9\",\"name\":\"Julien Harlaut\",\"image\":{\"@type\":\"ImageObject\",\"inLanguage\":\"fr-FR\",\"@id\":\"https:\/\/julienharlaut.com\/#\/schema\/person\/image\/\",\"url\":\"https:\/\/julienharlaut.com\/wp-content\/uploads\/2025\/05\/Julien_Harlaut_Profil.jpg\",\"contentUrl\":\"https:\/\/julienharlaut.com\/wp-content\/uploads\/2025\/05\/Julien_Harlaut_Profil.jpg\",\"width\":1310,\"height\":1366,\"caption\":\"Julien Harlaut\"},\"logo\":{\"@id\":\"https:\/\/julienharlaut.com\/#\/schema\/person\/image\/\"},\"sameAs\":[\"https:\/\/www.facebook.com\/julienharlautphotographie\/?locale=fr_FR\",\"https:\/\/www.instagram.com\/consent\/?flow=ad_free_subscription&params_json=afs_variantfirst_timegcl_experience_id205d4698-3e11-45fb-972f-9b35689a61f7&source=ad_free_subscription_blocking_flow\",\"https:\/\/www.linkedin.com\/in\/julienharlaut\"]}]}<\/script>\n<!-- \/ Yoast SEO plugin. -->","yoast_head_json":{"title":"Salle de r\u00e9ception - Julien Harlaut Photographie","robots":{"index":"index","follow":"follow","max-snippet":"max-snippet:-1","max-image-preview":"max-image-preview:large","max-video-preview":"max-video-preview:-1"},"canonical":"https:\/\/julienharlaut.com\/index.php\/produit\/1524\/","og_locale":"fr_FR","og_type":"article","og_title":"Salle de r\u00e9ception - Julien Harlaut Photographie","og_description":"Cette image saisissante \u00e9voque toute la po\u00e9sie de la d\u00e9cadence. L'\u00e9l\u00e9gance surann\u00e9e du mobilier Louis XV contraste puissamment avec l\u2019\u00e9tat de ruine environnant : murs d\u00e9cr\u00e9pis, briques effondr\u00e9es, v\u00e9g\u00e9tation envahissante. C\u2019est une sc\u00e8ne de faste fig\u00e9 dans l\u2019abandon, presque th\u00e9\u00e2trale. Le cadrage frontal et sym\u00e9trique renforce l\u2019impression d\u2019un salon fantomatique fig\u00e9 dans le temps \u2014 un moment de gloire fig\u00e9 dans l\u2019oubli. Un chef-d'\u0153uvre d\u2019urbex \u00e0 la dimension fine art incontestable.  Photographie de la salle de r\u00e9ception au ch\u00e2teau congo.","og_url":"https:\/\/julienharlaut.com\/index.php\/produit\/1524\/","og_site_name":"Julien Harlaut Photographie","article_publisher":"https:\/\/www.facebook.com\/julienharlautphotographie\/?locale=fr_FR","article_modified_time":"2025-06-11T09:22:00+00:00","og_image":[{"width":1618,"height":1080,"url":"https:\/\/julienharlaut.com\/wp-content\/uploads\/2025\/06\/IMG_6364_5_tonemapped-copie.jpg","type":"image\/jpeg"}],"twitter_card":"summary_large_image","schema":{"@context":"https:\/\/schema.org","@graph":[{"@type":"WebPage","@id":"https:\/\/julienharlaut.com\/index.php\/produit\/1524\/","url":"https:\/\/julienharlaut.com\/index.php\/produit\/1524\/","name":"Salle de r\u00e9ception - Julien Harlaut Photographie","isPartOf":{"@id":"https:\/\/julienharlaut.com\/#website"},"primaryImageOfPage":{"@id":"https:\/\/julienharlaut.com\/index.php\/produit\/1524\/#primaryimage"},"image":{"@id":"https:\/\/julienharlaut.com\/index.php\/produit\/1524\/#primaryimage"},"thumbnailUrl":"https:\/\/julienharlaut.com\/wp-content\/uploads\/2025\/06\/IMG_6364_5_tonemapped-copie.jpg","datePublished":"2025-06-11T07:36:19+00:00","dateModified":"2025-06-11T09:22:00+00:00","breadcrumb":{"@id":"https:\/\/julienharlaut.com\/index.php\/produit\/1524\/#breadcrumb"},"inLanguage":"fr-FR","potentialAction":[{"@type":"ReadAction","target":["https:\/\/julienharlaut.com\/index.php\/produit\/1524\/"]}]},{"@type":"ImageObject","inLanguage":"fr-FR","@id":"https:\/\/julienharlaut.com\/index.php\/produit\/1524\/#primaryimage","url":"https:\/\/julienharlaut.com\/wp-content\/uploads\/2025\/06\/IMG_6364_5_tonemapped-copie.jpg","contentUrl":"https:\/\/julienharlaut.com\/wp-content\/uploads\/2025\/06\/IMG_6364_5_tonemapped-copie.jpg","width":1618,"height":1080,"caption":"Photographie de la salle de r\u00e9ception au ch\u00e2teau congo."},{"@type":"BreadcrumbList","@id":"https:\/\/julienharlaut.com\/index.php\/produit\/1524\/#breadcrumb","itemListElement":[{"@type":"ListItem","position":1,"name":"Accueil","item":"https:\/\/julienharlaut.com\/"},{"@type":"ListItem","position":2,"name":"Photographies","item":"https:\/\/julienharlaut.com\/index.php\/shop\/"},{"@type":"ListItem","position":3,"name":"Salle de r\u00e9ception"}]},{"@type":"WebSite","@id":"https:\/\/julienharlaut.com\/#website","url":"https:\/\/julienharlaut.com\/","name":"Julien Harlaut Photographie","description":"","publisher":{"@id":"https:\/\/julienharlaut.com\/#\/schema\/person\/ac9683541957274584a9797df14ae7d9"},"potentialAction":[{"@type":"SearchAction","target":{"@type":"EntryPoint","urlTemplate":"https:\/\/julienharlaut.com\/?s={search_term_string}"},"query-input":{"@type":"PropertyValueSpecification","valueRequired":true,"valueName":"search_term_string"}}],"inLanguage":"fr-FR"},{"@type":["Person","Organization"],"@id":"https:\/\/julienharlaut.com\/#\/schema\/person\/ac9683541957274584a9797df14ae7d9","name":"Julien Harlaut","image":{"@type":"ImageObject","inLanguage":"fr-FR","@id":"https:\/\/julienharlaut.com\/#\/schema\/person\/image\/","url":"https:\/\/julienharlaut.com\/wp-content\/uploads\/2025\/05\/Julien_Harlaut_Profil.jpg","contentUrl":"https:\/\/julienharlaut.com\/wp-content\/uploads\/2025\/05\/Julien_Harlaut_Profil.jpg","width":1310,"height":1366,"caption":"Julien Harlaut"},"logo":{"@id":"https:\/\/julienharlaut.com\/#\/schema\/person\/image\/"},"sameAs":["https:\/\/www.facebook.com\/julienharlautphotographie\/?locale=fr_FR","https:\/\/www.instagram.com\/consent\/?flow=ad_free_subscription&params_json=afs_variantfirst_timegcl_experience_id205d4698-3e11-45fb-972f-9b35689a61f7&source=ad_free_subscription_blocking_flow","https:\/\/www.linkedin.com\/in\/julienharlaut"]}]}},"jetpack_sharing_enabled":true,"_links":{"self":[{"href":"https:\/\/julienharlaut.com\/index.php\/wp-json\/wp\/v2\/product\/1524","targetHints":{"allow":["GET"]}}],"collection":[{"href":"https:\/\/julienharlaut.com\/index.php\/wp-json\/wp\/v2\/product"}],"about":[{"href":"https:\/\/julienharlaut.com\/index.php\/wp-json\/wp\/v2\/types\/product"}],"replies":[{"embeddable":true,"href":"https:\/\/julienharlaut.com\/index.php\/wp-json\/wp\/v2\/comments?post=1524"}],"wp:featuredmedia":[{"embeddable":true,"href":"https:\/\/julienharlaut.com\/index.php\/wp-json\/wp\/v2\/media\/1525"}],"wp:attachment":[{"href":"https:\/\/julienharlaut.com\/index.php\/wp-json\/wp\/v2\/media?parent=1524"}],"wp:term":[{"taxonomy":"product_brand","embeddable":true,"href":"https:\/\/julienharlaut.com\/index.php\/wp-json\/wp\/v2\/product_brand?post=1524"},{"taxonomy":"product_cat","embeddable":true,"href":"https:\/\/julienharlaut.com\/index.php\/wp-json\/wp\/v2\/product_cat?post=1524"},{"taxonomy":"product_tag","embeddable":true,"href":"https:\/\/julienharlaut.com\/index.php\/wp-json\/wp\/v2\/product_tag?post=1524"}],"curies":[{"name":"wp","href":"https:\/\/api.w.org\/{rel}","templated":true}]}}