{"id":1135,"date":"2025-05-16T14:42:39","date_gmt":"2025-05-16T12:42:39","guid":{"rendered":"http:\/\/localhost\/essai5\/?post_type=product&#038;p=1135"},"modified":"2025-05-16T14:42:39","modified_gmt":"2025-05-16T12:42:39","slug":"chateau-de-moulbaix-2","status":"publish","type":"product","link":"https:\/\/julienharlaut.com\/index.php\/produit\/chateau-de-moulbaix-2\/","title":{"rendered":"Ch\u00e2teau de Moulbaix"},"content":{"rendered":"<p class=\"p1\">Tirage haute d\u00e9finition sur aluminium 3mm et encadrement en caisse am\u00e9ricaine.<\/p>\n","protected":false},"excerpt":{"rendered":"<p>Ce ch\u00e2teau aux allures m\u00e9di\u00e9vales, baign\u00e9 par une lumi\u00e8re surnaturelle filtr\u00e9e par un soleil voil\u00e9, \u00e9voque imm\u00e9diatement un d\u00e9cor de conte ou de l\u00e9gende gothique. Les ombres port\u00e9es des tours, \u00e9tir\u00e9es sur la pelouse, renforcent cette atmosph\u00e8re th\u00e9\u00e2trale et dramatique. Une composition puissante, o\u00f9 la lumi\u00e8re devient un personnage \u00e0 part enti\u00e8re.<\/p>\n<p>Photographie du Ch\u00e2teau de Moulbaix.<\/p>\n","protected":false},"featured_media":1136,"comment_status":"open","ping_status":"closed","template":"","meta":[],"product_brand":[],"product_cat":[54],"product_tag":[66,67],"class_list":{"0":"post-1135","1":"product","2":"type-product","3":"status-publish","4":"has-post-thumbnail","6":"product_cat-batiments","7":"product_tag-batiment","8":"product_tag-chateau","9":"pa_taille-40-60","10":"pa_taille-60-90","11":"pa_taille-120-80","12":"pa_taille-150-100","13":"pa_taille-180-120","15":"first","16":"instock","17":"shipping-taxable","18":"purchasable","19":"product-type-variable"},"yoast_head":"<!-- This site is optimized with the Yoast SEO plugin v26.7 - https:\/\/yoast.com\/wordpress\/plugins\/seo\/ -->\n<title>Ch\u00e2teau de Moulbaix - Julien Harlaut Photographie<\/title>\n<meta name=\"robots\" content=\"index, follow, max-snippet:-1, max-image-preview:large, max-video-preview:-1\" \/>\n<link rel=\"canonical\" href=\"https:\/\/julienharlaut.com\/index.php\/produit\/chateau-de-moulbaix-2\/\" \/>\n<meta property=\"og:locale\" content=\"fr_FR\" \/>\n<meta property=\"og:type\" content=\"article\" \/>\n<meta property=\"og:title\" content=\"Ch\u00e2teau de Moulbaix - Julien Harlaut Photographie\" \/>\n<meta property=\"og:description\" content=\"Ce ch\u00e2teau aux allures m\u00e9di\u00e9vales, baign\u00e9 par une lumi\u00e8re surnaturelle filtr\u00e9e par un soleil voil\u00e9, \u00e9voque imm\u00e9diatement un d\u00e9cor de conte ou de l\u00e9gende gothique. Les ombres port\u00e9es des tours, \u00e9tir\u00e9es sur la pelouse, renforcent cette atmosph\u00e8re th\u00e9\u00e2trale et dramatique. Une composition puissante, o\u00f9 la lumi\u00e8re devient un personnage \u00e0 part enti\u00e8re.  Photographie du Ch\u00e2teau de Moulbaix.\" \/>\n<meta property=\"og:url\" content=\"https:\/\/julienharlaut.com\/index.php\/produit\/chateau-de-moulbaix-2\/\" \/>\n<meta property=\"og:site_name\" content=\"Julien Harlaut Photographie\" \/>\n<meta property=\"article:publisher\" content=\"https:\/\/www.facebook.com\/julienharlautphotographie\/?locale=fr_FR\" \/>\n<meta property=\"og:image\" content=\"https:\/\/julienharlaut.com\/wp-content\/uploads\/2025\/05\/IMG_8544_5_tonemapped2-copie.jpg\" \/>\n\t<meta property=\"og:image:width\" content=\"1616\" \/>\n\t<meta property=\"og:image:height\" content=\"1080\" \/>\n\t<meta property=\"og:image:type\" content=\"image\/jpeg\" \/>\n<meta name=\"twitter:card\" content=\"summary_large_image\" \/>\n<script type=\"application\/ld+json\" class=\"yoast-schema-graph\">{\"@context\":\"https:\/\/schema.org\",\"@graph\":[{\"@type\":\"WebPage\",\"@id\":\"https:\/\/julienharlaut.com\/index.php\/produit\/chateau-de-moulbaix-2\/\",\"url\":\"https:\/\/julienharlaut.com\/index.php\/produit\/chateau-de-moulbaix-2\/\",\"name\":\"Ch\u00e2teau de Moulbaix - Julien Harlaut Photographie\",\"isPartOf\":{\"@id\":\"https:\/\/julienharlaut.com\/#website\"},\"primaryImageOfPage\":{\"@id\":\"https:\/\/julienharlaut.com\/index.php\/produit\/chateau-de-moulbaix-2\/#primaryimage\"},\"image\":{\"@id\":\"https:\/\/julienharlaut.com\/index.php\/produit\/chateau-de-moulbaix-2\/#primaryimage\"},\"thumbnailUrl\":\"https:\/\/julienharlaut.com\/wp-content\/uploads\/2025\/05\/IMG_8544_5_tonemapped2-copie.jpg\",\"datePublished\":\"2025-05-16T12:42:39+00:00\",\"breadcrumb\":{\"@id\":\"https:\/\/julienharlaut.com\/index.php\/produit\/chateau-de-moulbaix-2\/#breadcrumb\"},\"inLanguage\":\"fr-FR\",\"potentialAction\":[{\"@type\":\"ReadAction\",\"target\":[\"https:\/\/julienharlaut.com\/index.php\/produit\/chateau-de-moulbaix-2\/\"]}]},{\"@type\":\"ImageObject\",\"inLanguage\":\"fr-FR\",\"@id\":\"https:\/\/julienharlaut.com\/index.php\/produit\/chateau-de-moulbaix-2\/#primaryimage\",\"url\":\"https:\/\/julienharlaut.com\/wp-content\/uploads\/2025\/05\/IMG_8544_5_tonemapped2-copie.jpg\",\"contentUrl\":\"https:\/\/julienharlaut.com\/wp-content\/uploads\/2025\/05\/IMG_8544_5_tonemapped2-copie.jpg\",\"width\":1616,\"height\":1080,\"caption\":\"Photographie du Ch\u00e2teau de Moulbaix\"},{\"@type\":\"BreadcrumbList\",\"@id\":\"https:\/\/julienharlaut.com\/index.php\/produit\/chateau-de-moulbaix-2\/#breadcrumb\",\"itemListElement\":[{\"@type\":\"ListItem\",\"position\":1,\"name\":\"Accueil\",\"item\":\"https:\/\/julienharlaut.com\/\"},{\"@type\":\"ListItem\",\"position\":2,\"name\":\"Photographies\",\"item\":\"https:\/\/julienharlaut.com\/index.php\/shop\/\"},{\"@type\":\"ListItem\",\"position\":3,\"name\":\"Ch\u00e2teau de Moulbaix\"}]},{\"@type\":\"WebSite\",\"@id\":\"https:\/\/julienharlaut.com\/#website\",\"url\":\"https:\/\/julienharlaut.com\/\",\"name\":\"Julien Harlaut Photographie\",\"description\":\"\",\"publisher\":{\"@id\":\"https:\/\/julienharlaut.com\/#\/schema\/person\/ac9683541957274584a9797df14ae7d9\"},\"potentialAction\":[{\"@type\":\"SearchAction\",\"target\":{\"@type\":\"EntryPoint\",\"urlTemplate\":\"https:\/\/julienharlaut.com\/?s={search_term_string}\"},\"query-input\":{\"@type\":\"PropertyValueSpecification\",\"valueRequired\":true,\"valueName\":\"search_term_string\"}}],\"inLanguage\":\"fr-FR\"},{\"@type\":[\"Person\",\"Organization\"],\"@id\":\"https:\/\/julienharlaut.com\/#\/schema\/person\/ac9683541957274584a9797df14ae7d9\",\"name\":\"Julien Harlaut\",\"image\":{\"@type\":\"ImageObject\",\"inLanguage\":\"fr-FR\",\"@id\":\"https:\/\/julienharlaut.com\/#\/schema\/person\/image\/\",\"url\":\"https:\/\/julienharlaut.com\/wp-content\/uploads\/2025\/05\/Julien_Harlaut_Profil.jpg\",\"contentUrl\":\"https:\/\/julienharlaut.com\/wp-content\/uploads\/2025\/05\/Julien_Harlaut_Profil.jpg\",\"width\":1310,\"height\":1366,\"caption\":\"Julien Harlaut\"},\"logo\":{\"@id\":\"https:\/\/julienharlaut.com\/#\/schema\/person\/image\/\"},\"sameAs\":[\"https:\/\/www.facebook.com\/julienharlautphotographie\/?locale=fr_FR\",\"https:\/\/www.instagram.com\/consent\/?flow=ad_free_subscription&params_json=afs_variantfirst_timegcl_experience_id205d4698-3e11-45fb-972f-9b35689a61f7&source=ad_free_subscription_blocking_flow\",\"https:\/\/www.linkedin.com\/in\/julienharlaut\"]}]}<\/script>\n<!-- \/ Yoast SEO plugin. -->","yoast_head_json":{"title":"Ch\u00e2teau de Moulbaix - Julien Harlaut Photographie","robots":{"index":"index","follow":"follow","max-snippet":"max-snippet:-1","max-image-preview":"max-image-preview:large","max-video-preview":"max-video-preview:-1"},"canonical":"https:\/\/julienharlaut.com\/index.php\/produit\/chateau-de-moulbaix-2\/","og_locale":"fr_FR","og_type":"article","og_title":"Ch\u00e2teau de Moulbaix - Julien Harlaut Photographie","og_description":"Ce ch\u00e2teau aux allures m\u00e9di\u00e9vales, baign\u00e9 par une lumi\u00e8re surnaturelle filtr\u00e9e par un soleil voil\u00e9, \u00e9voque imm\u00e9diatement un d\u00e9cor de conte ou de l\u00e9gende gothique. Les ombres port\u00e9es des tours, \u00e9tir\u00e9es sur la pelouse, renforcent cette atmosph\u00e8re th\u00e9\u00e2trale et dramatique. Une composition puissante, o\u00f9 la lumi\u00e8re devient un personnage \u00e0 part enti\u00e8re.  Photographie du Ch\u00e2teau de Moulbaix.","og_url":"https:\/\/julienharlaut.com\/index.php\/produit\/chateau-de-moulbaix-2\/","og_site_name":"Julien Harlaut Photographie","article_publisher":"https:\/\/www.facebook.com\/julienharlautphotographie\/?locale=fr_FR","og_image":[{"width":1616,"height":1080,"url":"https:\/\/julienharlaut.com\/wp-content\/uploads\/2025\/05\/IMG_8544_5_tonemapped2-copie.jpg","type":"image\/jpeg"}],"twitter_card":"summary_large_image","schema":{"@context":"https:\/\/schema.org","@graph":[{"@type":"WebPage","@id":"https:\/\/julienharlaut.com\/index.php\/produit\/chateau-de-moulbaix-2\/","url":"https:\/\/julienharlaut.com\/index.php\/produit\/chateau-de-moulbaix-2\/","name":"Ch\u00e2teau de Moulbaix - Julien Harlaut Photographie","isPartOf":{"@id":"https:\/\/julienharlaut.com\/#website"},"primaryImageOfPage":{"@id":"https:\/\/julienharlaut.com\/index.php\/produit\/chateau-de-moulbaix-2\/#primaryimage"},"image":{"@id":"https:\/\/julienharlaut.com\/index.php\/produit\/chateau-de-moulbaix-2\/#primaryimage"},"thumbnailUrl":"https:\/\/julienharlaut.com\/wp-content\/uploads\/2025\/05\/IMG_8544_5_tonemapped2-copie.jpg","datePublished":"2025-05-16T12:42:39+00:00","breadcrumb":{"@id":"https:\/\/julienharlaut.com\/index.php\/produit\/chateau-de-moulbaix-2\/#breadcrumb"},"inLanguage":"fr-FR","potentialAction":[{"@type":"ReadAction","target":["https:\/\/julienharlaut.com\/index.php\/produit\/chateau-de-moulbaix-2\/"]}]},{"@type":"ImageObject","inLanguage":"fr-FR","@id":"https:\/\/julienharlaut.com\/index.php\/produit\/chateau-de-moulbaix-2\/#primaryimage","url":"https:\/\/julienharlaut.com\/wp-content\/uploads\/2025\/05\/IMG_8544_5_tonemapped2-copie.jpg","contentUrl":"https:\/\/julienharlaut.com\/wp-content\/uploads\/2025\/05\/IMG_8544_5_tonemapped2-copie.jpg","width":1616,"height":1080,"caption":"Photographie du Ch\u00e2teau de Moulbaix"},{"@type":"BreadcrumbList","@id":"https:\/\/julienharlaut.com\/index.php\/produit\/chateau-de-moulbaix-2\/#breadcrumb","itemListElement":[{"@type":"ListItem","position":1,"name":"Accueil","item":"https:\/\/julienharlaut.com\/"},{"@type":"ListItem","position":2,"name":"Photographies","item":"https:\/\/julienharlaut.com\/index.php\/shop\/"},{"@type":"ListItem","position":3,"name":"Ch\u00e2teau de Moulbaix"}]},{"@type":"WebSite","@id":"https:\/\/julienharlaut.com\/#website","url":"https:\/\/julienharlaut.com\/","name":"Julien Harlaut Photographie","description":"","publisher":{"@id":"https:\/\/julienharlaut.com\/#\/schema\/person\/ac9683541957274584a9797df14ae7d9"},"potentialAction":[{"@type":"SearchAction","target":{"@type":"EntryPoint","urlTemplate":"https:\/\/julienharlaut.com\/?s={search_term_string}"},"query-input":{"@type":"PropertyValueSpecification","valueRequired":true,"valueName":"search_term_string"}}],"inLanguage":"fr-FR"},{"@type":["Person","Organization"],"@id":"https:\/\/julienharlaut.com\/#\/schema\/person\/ac9683541957274584a9797df14ae7d9","name":"Julien Harlaut","image":{"@type":"ImageObject","inLanguage":"fr-FR","@id":"https:\/\/julienharlaut.com\/#\/schema\/person\/image\/","url":"https:\/\/julienharlaut.com\/wp-content\/uploads\/2025\/05\/Julien_Harlaut_Profil.jpg","contentUrl":"https:\/\/julienharlaut.com\/wp-content\/uploads\/2025\/05\/Julien_Harlaut_Profil.jpg","width":1310,"height":1366,"caption":"Julien Harlaut"},"logo":{"@id":"https:\/\/julienharlaut.com\/#\/schema\/person\/image\/"},"sameAs":["https:\/\/www.facebook.com\/julienharlautphotographie\/?locale=fr_FR","https:\/\/www.instagram.com\/consent\/?flow=ad_free_subscription&params_json=afs_variantfirst_timegcl_experience_id205d4698-3e11-45fb-972f-9b35689a61f7&source=ad_free_subscription_blocking_flow","https:\/\/www.linkedin.com\/in\/julienharlaut"]}]}},"jetpack_sharing_enabled":true,"_links":{"self":[{"href":"https:\/\/julienharlaut.com\/index.php\/wp-json\/wp\/v2\/product\/1135","targetHints":{"allow":["GET"]}}],"collection":[{"href":"https:\/\/julienharlaut.com\/index.php\/wp-json\/wp\/v2\/product"}],"about":[{"href":"https:\/\/julienharlaut.com\/index.php\/wp-json\/wp\/v2\/types\/product"}],"replies":[{"embeddable":true,"href":"https:\/\/julienharlaut.com\/index.php\/wp-json\/wp\/v2\/comments?post=1135"}],"wp:featuredmedia":[{"embeddable":true,"href":"https:\/\/julienharlaut.com\/index.php\/wp-json\/wp\/v2\/media\/1136"}],"wp:attachment":[{"href":"https:\/\/julienharlaut.com\/index.php\/wp-json\/wp\/v2\/media?parent=1135"}],"wp:term":[{"taxonomy":"product_brand","embeddable":true,"href":"https:\/\/julienharlaut.com\/index.php\/wp-json\/wp\/v2\/product_brand?post=1135"},{"taxonomy":"product_cat","embeddable":true,"href":"https:\/\/julienharlaut.com\/index.php\/wp-json\/wp\/v2\/product_cat?post=1135"},{"taxonomy":"product_tag","embeddable":true,"href":"https:\/\/julienharlaut.com\/index.php\/wp-json\/wp\/v2\/product_tag?post=1135"}],"curies":[{"name":"wp","href":"https:\/\/api.w.org\/{rel}","templated":true}]}}